{"id":27,"date":"2020-09-14T12:26:42","date_gmt":"2020-09-14T12:26:42","guid":{"rendered":"http:\/\/alkapuri.cz\/?page_id=27"},"modified":"2021-12-08T13:20:55","modified_gmt":"2021-12-08T11:20:55","slug":"dotace","status":"publish","type":"page","link":"https:\/\/alkapuri.cz\/sk_sk\/dotace\/","title":{"rendered":"Dot\u00e1cie"},"content":{"rendered":"<p>[et_pb_section fb_built=&#8220;1&#8243; _builder_version=&#8220;4.6.1&#8243; _module_preset=&#8220;default&#8220; use_background_color_gradient=&#8220;on&#8220; background_color_gradient_start=&#8220;#ffffff&#8220; background_color_gradient_end=&#8220;rgba(237,237,237,0)&#8220; background_color_gradient_direction=&#8220;90deg&#8220; background_color_gradient_start_position=&#8220;43%&#8220; background_color_gradient_end_position=&#8220;78%&#8220; background_color_gradient_overlays_image=&#8220;on&#8220; background_enable_image=&#8220;off&#8220; background_position=&#8220;bottom_left&#8220; custom_padding=&#8220;69px||0px|||&#8220; saved_tabs=&#8220;all&#8220;][et_pb_row column_structure=&#8220;1_2,1_2&#8243; _builder_version=&#8220;4.6.1&#8243; _module_preset=&#8220;default&#8220;][et_pb_column type=&#8220;1_2&#8243; _builder_version=&#8220;4.6.1&#8243; _module_preset=&#8220;default&#8220;][et_pb_text _builder_version=&#8220;4.9.6&#8243; text_font=&#8220;||||||||&#8220; header_font=&#8220;||||||||&#8220; header_2_font=&#8220;Libre Franklin|300|||||||&#8220; header_2_font_size=&#8220;52px&#8220; header_2_line_height=&#8220;1.4em&#8220; width=&#8220;100%&#8220; custom_margin=&#8220;5px|29px|-1px|||&#8220; custom_padding=&#8220;|14px||||&#8220; hover_enabled=&#8220;0&#8243; header_2_font_size_tablet=&#8220;&#8220; header_2_font_size_phone=&#8220;32px&#8220; header_2_font_size_last_edited=&#8220;on|phone&#8220; header_text_shadow_style=&#8220;preset1&#8243; header_2_text_shadow_style=&#8220;preset1&#8243; locked=&#8220;off&#8220; sticky_enabled=&#8220;0&#8243;]<\/p>\n<h2><span style=\"color: #2547b0;\"><strong>Dota\u010dn\u00ed program Nov\u00e1 zelen\u00e1 \u00faspor\u00e1m<\/strong><\/span><span style=\"color: #2547b0;\"><strong>\u00a0<\/strong><\/span><\/h2>\n<p>[\/et_pb_text][et_pb_text _builder_version=&#8220;4.6.1&#8243; text_font=&#8220;||||||||&#8220; header_font=&#8220;||||||||&#8220; header_2_font=&#8220;Libre Franklin|300|||||||&#8220; header_2_font_size=&#8220;42px&#8220; header_2_line_height=&#8220;1.4em&#8220; header_2_font_size_tablet=&#8220;&#8220; header_2_font_size_phone=&#8220;32px&#8220; header_2_font_size_last_edited=&#8220;on|phone&#8220; locked=&#8220;off&#8220;]<\/p>\n<h2><span color=\"#2547b0\" style=\"color: #2547b0;\">Z\u00edskejte a\u017e 50% v\u0161ech n\u00e1klad\u016f do maxim\u00e1ln\u00ed v\u00fd\u0161e 60 tis. K\u010d<\/span><\/h2>\n<p>[\/et_pb_text][et_pb_text _builder_version=&#8220;4.9.6&#8243; text_font=&#8220;||||||||&#8220; text_font_size=&#8220;16px&#8220; text_line_height=&#8220;1.8em&#8220; header_font=&#8220;Libre Franklin|600|||||||&#8220; header_font_size=&#8220;60px&#8220; header_line_height=&#8220;1.4em&#8220; max_width=&#8220;600px&#8220; module_alignment=&#8220;center&#8220; custom_margin=&#8220;1px|-79px||||&#8220; custom_padding=&#8220;0px|0px||||&#8220; header_font_size_tablet=&#8220;&#8220; header_font_size_phone=&#8220;32px&#8220; header_font_size_last_edited=&#8220;on|phone&#8220;]<\/p>\n<h1 style=\"text-align: center;\"><\/h1>\n<p><span style=\"font-weight: 400;\">Vyu\u017eijte \u010d\u00e1ste\u010dn\u00e9ho financov\u00e1n\u00ed na po\u0159\u00edzen\u00ed syst\u00e9mu recyklace \u0161ed\u00e9 vody <a href=\"https:\/\/alkapuri.cz\/hydraloop\/\">HYDRALOOP<\/a> prost\u0159ednictv\u00edm dota\u010dn\u00edho programu Nov\u00e1 zelen\u00e1 \u00faspor\u00e1m.<\/span> <span style=\"font-weight: 400;\">M\u016f\u017eete z\u00edskat a\u017e 50% v\u0161ech vynalo\u017een\u00fdch n\u00e1klad\u016f do maxim\u00e1ln\u00ed v\u00fd\u0161e 60 tis. K\u010d<\/span><\/p>\n<p><span style=\"font-weight: 400;\">Program je ur\u010den pro vlastn\u00edky a stavebn\u00edky rodinn\u00fdch a bytov\u00fdch dom\u016f, a to jak fyzick\u00e9 osoby, tak i pr\u00e1vnick\u00e9 osoby, kte\u0159\u00ed cht\u011bj\u00ed p\u0159isp\u011bt k udr\u017eiteln\u00e9mu hospoda\u0159en\u00ed s vodou.<\/span><\/p>\n<p><span style=\"font-weight: 400;\">Pod\u00e1n\u00ed \u017e\u00e1dosti prob\u00edh\u00e1 elektronicky prost\u0159ednictv\u00edm internetov\u00fdch str\u00e1nek <\/span><a href=\"https:\/\/novazelenausporam.cz\/\"><span style=\"font-weight: 400;\">https:\/\/novazelenausporam.cz\/<\/span><\/a><span style=\"font-weight: 400;\">. V\u0161e tak m\u016f\u017eete vy\u0159\u00eddit z pohodl\u00ed domova.<\/span><\/p>\n<p><span style=\"font-weight: 400;\">Postup pod\u00e1n\u00ed \u017e\u00e1dosti na dotaci:\u00a0<\/span><\/p>\n<ul>\n<li style=\"font-weight: 400;\"><span style=\"font-weight: 400;\">Odborn\u00fd posudek zpracovan\u00fd dodavatelem nebo autorizovan\u00fdm projektantem, kter\u00fd obsahuje zjednodu\u0161enou projektovou dokumentaci (popis st\u00e1vaj\u00edc\u00edho a navrhovan\u00e9ho \u0159e\u0161en\u00ed, z\u00e1kladn\u00ed v\u00fdkresy a sch\u00e9ma zapojen\u00ed) a vy\u010d\u00edslen\u00ed p\u0159edpokl\u00e1dan\u00fdch \u00faspor<\/span><span style=\"font-weight: 400;\"><\/span><\/li>\n<li style=\"font-weight: 400;\"><span style=\"font-weight: 400;\">Po\u017eadovan\u00e9 podklady pro zpracov\u00e1n\u00ed posudku poskytneme Va\u0161emu autorizovan\u00e9mu projektantovi nebo v\u0161e vy\u0159\u00edd\u00edme za V\u00e1s.\u00a0<\/span><\/li>\n<\/ul>\n<p>&nbsp;<\/p>\n<p><span style=\"font-weight: 400;\">V\u00edce informac\u00ed na <a href=\"https:\/\/novazelenausporam.cz\/\">https:\/\/novazelenausporam.cz\/<\/a><\/span><\/p>\n<p>[\/et_pb_text][\/et_pb_column][et_pb_column type=&#8220;1_2&#8243; _builder_version=&#8220;4.6.1&#8243; _module_preset=&#8220;default&#8220;][et_pb_image src=&#8220;https:\/\/alkapuri.cz\/wp-content\/uploads\/2020\/10\/Alkapuri.cz-syste\u0301m-recyklace-s\u030cede\u0301-vody18.png&#8220; title_text=&#8220;Alkapuri.cz syste\u0301m recyklace s\u030cede\u0301 vody18&#8243; align_tablet=&#8220;center&#8220; align_phone=&#8220;&#8220; align_last_edited=&#8220;on|desktop&#8220; _builder_version=&#8220;4.6.1&#8243; _module_preset=&#8220;default&#8220; use_background_color_gradient=&#8220;on&#8220; background_color_gradient_start=&#8220;#2547B0&#8243; background_color_gradient_end=&#8220;rgba(0,0,0,0)&#8220; background_color_gradient_direction=&#8220;135deg&#8220; background_color_gradient_start_position=&#8220;30%&#8220; background_color_gradient_end_position=&#8220;30%&#8220; custom_padding=&#8220;30px|||30px||false&#8220; animation_style=&#8220;zoom&#8220; animation_intensity_zoom=&#8220;2%&#8220; box_shadow_style=&#8220;preset1&#8243; box_shadow_vertical=&#8220;50px&#8220; box_shadow_blur=&#8220;100px&#8220;][\/et_pb_image][\/et_pb_column][\/et_pb_row][\/et_pb_section][et_pb_section fb_built=&#8220;1&#8243; admin_label=&#8220;Footer&#8220; _builder_version=&#8220;4.6.1&#8243; use_background_color_gradient=&#8220;on&#8220; background_color_gradient_start=&#8220;#ffffff&#8220; background_color_gradient_end=&#8220;#ffffff&#8220; background_color_gradient_type=&#8220;radial&#8220; background_color_gradient_direction_radial=&#8220;left&#8220; background_color_gradient_start_position=&#8220;25%&#8220; background_color_gradient_end_position=&#8220;60%&#8220; background_color_gradient_overlays_image=&#8220;on&#8220; background_image=&#8220;https:\/\/alkapuri.cz\/wp-content\/uploads\/2020\/09\/splashing-165192_1280.jpg&#8220; custom_margin=&#8220;1px|||||&#8220; custom_padding=&#8220;||2px|||&#8220; global_module=&#8220;275&#8243; saved_tabs=&#8220;all&#8220;][et_pb_row column_structure=&#8220;1_3,1_3,1_3&#8243; _builder_version=&#8220;4.6.1&#8243; _module_preset=&#8220;default&#8220;][et_pb_column type=&#8220;1_3&#8243; _builder_version=&#8220;4.6.1&#8243; _module_preset=&#8220;default&#8220;][et_pb_blurb title=&#8220;Telefonn\u00ed \u010d\u00edslo&#8220; use_icon=&#8220;on&#8220; font_icon=&#8220;%%264%%&#8220; icon_color=&#8220;#2547b0&#8243; icon_placement=&#8220;left&#8220; content_max_width=&#8220;820px&#8220; use_icon_font_size=&#8220;on&#8220; icon_font_size=&#8220;22px&#8220; _builder_version=&#8220;4.6.1&#8243; header_font=&#8220;Libre Franklin|600|||||||&#8220; header_text_color=&#8220;#2547b0&#8243; header_line_height=&#8220;1.4em&#8220; body_font=&#8220;||||||||&#8220; body_text_color=&#8220;#2547B0&#8243; body_line_height=&#8220;1.8em&#8220; background_layout=&#8220;dark&#8220; module_alignment=&#8220;left&#8220; custom_margin=&#8220;|75px||75px||true&#8220; custom_padding=&#8220;|0px||||&#8220; animation=&#8220;off&#8220; locked=&#8220;off&#8220;]<\/p>\n<p><a href=\"tel:+420606722224\">+420\u00a0606\u00a0722 224<\/a><\/p>\n<p>[\/et_pb_blurb][\/et_pb_column][et_pb_column type=&#8220;1_3&#8243; _builder_version=&#8220;4.6.1&#8243; _module_preset=&#8220;default&#8220;][et_pb_blurb title=&#8220;Email&#8220; use_icon=&#8220;on&#8220; font_icon=&#8220;%%238%%&#8220; icon_color=&#8220;#2547b0&#8243; icon_placement=&#8220;left&#8220; use_icon_font_size=&#8220;on&#8220; icon_font_size=&#8220;22px&#8220; _builder_version=&#8220;4.6.1&#8243; header_font=&#8220;Libre Franklin|600|||||||&#8220; header_text_color=&#8220;#2547b0&#8243; header_line_height=&#8220;1.4em&#8220; body_font=&#8220;||||||||&#8220; body_text_color=&#8220;#2547B0&#8243; body_line_height=&#8220;1.8em&#8220; background_layout=&#8220;dark&#8220; custom_margin=&#8220;|75px||75px||true&#8220; animation=&#8220;off&#8220; locked=&#8220;off&#8220;]<\/p>\n<p><a href=\"mailto:info@alkapuri.cz\" target=\"_blank\" rel=\"noopener noreferrer\">info@alkapuri.cz<\/a><\/p>\n<p>[\/et_pb_blurb][\/et_pb_column][et_pb_column type=&#8220;1_3&#8243; _builder_version=&#8220;4.6.1&#8243; _module_preset=&#8220;default&#8220;][et_pb_blurb title=&#8220;Koresponden\u010dn\u00ed adresa&#8220; use_icon=&#8220;on&#8220; font_icon=&#8220;%%71%%&#8220; icon_color=&#8220;#2547B0&#8243; icon_placement=&#8220;left&#8220; use_icon_font_size=&#8220;on&#8220; icon_font_size=&#8220;22px&#8220; _builder_version=&#8220;4.6.1&#8243; header_font=&#8220;Libre Franklin|600|||||||&#8220; header_text_color=&#8220;#2547b0&#8243; header_line_height=&#8220;1.4em&#8220; body_font=&#8220;||||||||&#8220; body_text_color=&#8220;#2547B0&#8243; body_line_height=&#8220;1.8em&#8220; background_layout=&#8220;dark&#8220; width=&#8220;63.8%&#8220; custom_margin=&#8220;|||74px||&#8220; custom_padding=&#8220;|1px||0px||&#8220; animation=&#8220;off&#8220; locked=&#8220;off&#8220;]<\/p>\n<p><span>Vavre\u010dkova 5262, 76001 Zl\u00edn,\u00a0<\/span><span>Czech Republic<\/span><\/p>\n<p>[\/et_pb_blurb][\/et_pb_column][\/et_pb_row][et_pb_row _builder_version=&#8220;4.6.1&#8243; _module_preset=&#8220;default&#8220; custom_margin=&#8220;-22px|auto||auto||&#8220;][et_pb_column type=&#8220;4_4&#8243; _builder_version=&#8220;4.6.1&#8243; _module_preset=&#8220;default&#8220;][et_pb_text _builder_version=&#8220;4.6.1&#8243; _module_preset=&#8220;default&#8220;]<\/p>\n<p style=\"text-align: center;\"><a href=\"https:\/\/alkapuri.cz\/zasady-ochrany-osobnich-udaju\/\">Z\u00e1sady ochrany osobn\u00edch \u00fadaj\u016f<\/a><\/p>\n<p>[\/et_pb_text][\/et_pb_column][\/et_pb_row][\/et_pb_section]<\/p>\n","protected":false},"excerpt":{"rendered":"<p>Dota\u010dn\u00ed program Nov\u00e1 zelen\u00e1 \u00faspor\u00e1m\u00a0Z\u00edskejte a\u017e 50% v\u0161ech n\u00e1klad\u016f do maxim\u00e1ln\u00ed v\u00fd\u0161e 60 tis. K\u010d Vyu\u017eijte \u010d\u00e1ste\u010dn\u00e9ho financov\u00e1n\u00ed na po\u0159\u00edzen\u00ed syst\u00e9mu recyklace \u0161ed\u00e9 vody HYDRALOOP prost\u0159ednictv\u00edm dota\u010dn\u00edho programu Nov\u00e1 zelen\u00e1 \u00faspor\u00e1m. M\u016f\u017eete z\u00edskat a\u017e 50% v\u0161ech vynalo\u017een\u00fdch n\u00e1klad\u016f do maxim\u00e1ln\u00ed v\u00fd\u0161e 60 tis. K\u010d Program je ur\u010den pro vlastn\u00edky a stavebn\u00edky rodinn\u00fdch a bytov\u00fdch dom\u016f, [&hellip;]<\/p>\n","protected":false},"author":1,"featured_media":0,"parent":0,"menu_order":0,"comment_status":"closed","ping_status":"closed","template":"","meta":{"_et_pb_use_builder":"on","_et_pb_old_content":"","_et_gb_content_width":"","footnotes":""},"class_list":["post-27","page","type-page","status-publish","hentry"],"yoast_head":"<!-- This site is optimized with the Yoast SEO plugin v24.2 - https:\/\/yoast.com\/wordpress\/plugins\/seo\/ -->\n<title>Dotace | \u0158e\u0161en\u00ed pro zachov\u00e1n\u00ed p\u0159\u00edrodn\u00edho bohatstv\u00ed | Alkapuri s.r.o.<\/title>\n<meta name=\"description\" content=\"Recyklace a \u010di\u0161t\u011bn\u00ed \u0161ed\u00e9 vody. Ekologick\u00e1 \u0159e\u0161en\u00ed, inovace a technologie. Zachov\u00e1n\u00ed rovnov\u00e1hy v p\u0159\u00edrod\u011b. Alkapuri s.r.o. Voda je \u017eivot\" \/>\n<meta name=\"robots\" content=\"index, follow, max-snippet:-1, max-image-preview:large, max-video-preview:-1\" \/>\n<link rel=\"canonical\" href=\"https:\/\/alkapuri.cz\/sk_sk\/dotace\/\" \/>\n<meta property=\"og:locale\" content=\"sk_SK\" \/>\n<meta property=\"og:type\" content=\"article\" \/>\n<meta property=\"og:title\" content=\"Dotace | \u0158e\u0161en\u00ed pro zachov\u00e1n\u00ed p\u0159\u00edrodn\u00edho bohatstv\u00ed | Alkapuri s.r.o.\" \/>\n<meta property=\"og:description\" content=\"Recyklace a \u010di\u0161t\u011bn\u00ed \u0161ed\u00e9 vody. Ekologick\u00e1 \u0159e\u0161en\u00ed, inovace a technologie. Zachov\u00e1n\u00ed rovnov\u00e1hy v p\u0159\u00edrod\u011b. Alkapuri s.r.o. Voda je \u017eivot\" \/>\n<meta property=\"og:url\" content=\"https:\/\/alkapuri.cz\/sk_sk\/dotace\/\" \/>\n<meta property=\"og:site_name\" content=\"\u0158e\u0161en\u00ed pro zachov\u00e1n\u00ed p\u0159\u00edrodn\u00edho bohatstv\u00ed | Alkapuri s.r.o.\" \/>\n<meta property=\"article:publisher\" content=\"https:\/\/www.facebook.com\/alkapuri.cz\" \/>\n<meta property=\"article:modified_time\" content=\"2021-12-08T11:20:55+00:00\" \/>\n<meta name=\"twitter:card\" content=\"summary_large_image\" \/>\n<meta name=\"twitter:label1\" content=\"Est. reading time\" \/>\n\t<meta name=\"twitter:data1\" content=\"5 min\u00fat\" \/>\n<script type=\"application\/ld+json\" class=\"yoast-schema-graph\">{\"@context\":\"https:\/\/schema.org\",\"@graph\":[{\"@type\":\"WebPage\",\"@id\":\"https:\/\/alkapuri.cz\/dotace\/\",\"url\":\"https:\/\/alkapuri.cz\/dotace\/\",\"name\":\"Dotace | \u0158e\u0161en\u00ed pro zachov\u00e1n\u00ed p\u0159\u00edrodn\u00edho bohatstv\u00ed | Alkapuri s.r.o.\",\"isPartOf\":{\"@id\":\"https:\/\/alkapuri.cz\/#website\"},\"datePublished\":\"2020-09-14T12:26:42+00:00\",\"dateModified\":\"2021-12-08T11:20:55+00:00\",\"description\":\"Recyklace a \u010di\u0161t\u011bn\u00ed \u0161ed\u00e9 vody. Ekologick\u00e1 \u0159e\u0161en\u00ed, inovace a technologie. Zachov\u00e1n\u00ed rovnov\u00e1hy v p\u0159\u00edrod\u011b. Alkapuri s.r.o. Voda je \u017eivot\",\"breadcrumb\":{\"@id\":\"https:\/\/alkapuri.cz\/dotace\/#breadcrumb\"},\"inLanguage\":\"sk-SK\",\"potentialAction\":[{\"@type\":\"ReadAction\",\"target\":[\"https:\/\/alkapuri.cz\/dotace\/\"]}]},{\"@type\":\"BreadcrumbList\",\"@id\":\"https:\/\/alkapuri.cz\/dotace\/#breadcrumb\",\"itemListElement\":[{\"@type\":\"ListItem\",\"position\":1,\"name\":\"Dom\u016f\",\"item\":\"https:\/\/alkapuri.cz\/\"},{\"@type\":\"ListItem\",\"position\":2,\"name\":\"Dotace\"}]},{\"@type\":\"WebSite\",\"@id\":\"https:\/\/alkapuri.cz\/#website\",\"url\":\"https:\/\/alkapuri.cz\/\",\"name\":\"\u0158e\u0161en\u00ed pro zachov\u00e1n\u00ed p\u0159\u00edrodn\u00edho bohatstv\u00ed | Alkapuri s.r.o.\",\"description\":\"Zachov\u00e1n\u00ed rovnov\u00e1hy v p\u0159\u00edrod\u011b za pomoci technologick\u00fdch inovac\u00ed. Ekologick\u00e1 \u0159e\u0161en\u00ed. Zachov\u00e1n\u00ed vodn\u00edch zdroj\u016f. Recyklace \u0161ed\u00e9 vody. Voda je \u017eivot.\",\"potentialAction\":[{\"@type\":\"SearchAction\",\"target\":{\"@type\":\"EntryPoint\",\"urlTemplate\":\"https:\/\/alkapuri.cz\/?s={search_term_string}\"},\"query-input\":{\"@type\":\"PropertyValueSpecification\",\"valueRequired\":true,\"valueName\":\"search_term_string\"}}],\"inLanguage\":\"sk-SK\"}]}<\/script>\n<!-- \/ Yoast SEO plugin. -->","yoast_head_json":{"title":"Dotace | \u0158e\u0161en\u00ed pro zachov\u00e1n\u00ed p\u0159\u00edrodn\u00edho bohatstv\u00ed | Alkapuri s.r.o.","description":"Recyklace a \u010di\u0161t\u011bn\u00ed \u0161ed\u00e9 vody. Ekologick\u00e1 \u0159e\u0161en\u00ed, inovace a technologie. Zachov\u00e1n\u00ed rovnov\u00e1hy v p\u0159\u00edrod\u011b. Alkapuri s.r.o. Voda je \u017eivot","robots":{"index":"index","follow":"follow","max-snippet":"max-snippet:-1","max-image-preview":"max-image-preview:large","max-video-preview":"max-video-preview:-1"},"canonical":"https:\/\/alkapuri.cz\/sk_sk\/dotace\/","og_locale":"sk_SK","og_type":"article","og_title":"Dotace | \u0158e\u0161en\u00ed pro zachov\u00e1n\u00ed p\u0159\u00edrodn\u00edho bohatstv\u00ed | Alkapuri s.r.o.","og_description":"Recyklace a \u010di\u0161t\u011bn\u00ed \u0161ed\u00e9 vody. Ekologick\u00e1 \u0159e\u0161en\u00ed, inovace a technologie. Zachov\u00e1n\u00ed rovnov\u00e1hy v p\u0159\u00edrod\u011b. Alkapuri s.r.o. Voda je \u017eivot","og_url":"https:\/\/alkapuri.cz\/sk_sk\/dotace\/","og_site_name":"\u0158e\u0161en\u00ed pro zachov\u00e1n\u00ed p\u0159\u00edrodn\u00edho bohatstv\u00ed | Alkapuri s.r.o.","article_publisher":"https:\/\/www.facebook.com\/alkapuri.cz","article_modified_time":"2021-12-08T11:20:55+00:00","twitter_card":"summary_large_image","twitter_misc":{"Est. reading time":"5 min\u00fat"},"schema":{"@context":"https:\/\/schema.org","@graph":[{"@type":"WebPage","@id":"https:\/\/alkapuri.cz\/dotace\/","url":"https:\/\/alkapuri.cz\/dotace\/","name":"Dotace | \u0158e\u0161en\u00ed pro zachov\u00e1n\u00ed p\u0159\u00edrodn\u00edho bohatstv\u00ed | Alkapuri s.r.o.","isPartOf":{"@id":"https:\/\/alkapuri.cz\/#website"},"datePublished":"2020-09-14T12:26:42+00:00","dateModified":"2021-12-08T11:20:55+00:00","description":"Recyklace a \u010di\u0161t\u011bn\u00ed \u0161ed\u00e9 vody. Ekologick\u00e1 \u0159e\u0161en\u00ed, inovace a technologie. Zachov\u00e1n\u00ed rovnov\u00e1hy v p\u0159\u00edrod\u011b. Alkapuri s.r.o. Voda je \u017eivot","breadcrumb":{"@id":"https:\/\/alkapuri.cz\/dotace\/#breadcrumb"},"inLanguage":"sk-SK","potentialAction":[{"@type":"ReadAction","target":["https:\/\/alkapuri.cz\/dotace\/"]}]},{"@type":"BreadcrumbList","@id":"https:\/\/alkapuri.cz\/dotace\/#breadcrumb","itemListElement":[{"@type":"ListItem","position":1,"name":"Dom\u016f","item":"https:\/\/alkapuri.cz\/"},{"@type":"ListItem","position":2,"name":"Dotace"}]},{"@type":"WebSite","@id":"https:\/\/alkapuri.cz\/#website","url":"https:\/\/alkapuri.cz\/","name":"\u0158e\u0161en\u00ed pro zachov\u00e1n\u00ed p\u0159\u00edrodn\u00edho bohatstv\u00ed | Alkapuri s.r.o.","description":"Zachov\u00e1n\u00ed rovnov\u00e1hy v p\u0159\u00edrod\u011b za pomoci technologick\u00fdch inovac\u00ed. Ekologick\u00e1 \u0159e\u0161en\u00ed. Zachov\u00e1n\u00ed vodn\u00edch zdroj\u016f. Recyklace \u0161ed\u00e9 vody. Voda je \u017eivot.","potentialAction":[{"@type":"SearchAction","target":{"@type":"EntryPoint","urlTemplate":"https:\/\/alkapuri.cz\/?s={search_term_string}"},"query-input":{"@type":"PropertyValueSpecification","valueRequired":true,"valueName":"search_term_string"}}],"inLanguage":"sk-SK"}]}},"_links":{"self":[{"href":"https:\/\/alkapuri.cz\/sk_sk\/wp-json\/wp\/v2\/pages\/27","targetHints":{"allow":["GET"]}}],"collection":[{"href":"https:\/\/alkapuri.cz\/sk_sk\/wp-json\/wp\/v2\/pages"}],"about":[{"href":"https:\/\/alkapuri.cz\/sk_sk\/wp-json\/wp\/v2\/types\/page"}],"author":[{"embeddable":true,"href":"https:\/\/alkapuri.cz\/sk_sk\/wp-json\/wp\/v2\/users\/1"}],"replies":[{"embeddable":true,"href":"https:\/\/alkapuri.cz\/sk_sk\/wp-json\/wp\/v2\/comments?post=27"}],"version-history":[{"count":13,"href":"https:\/\/alkapuri.cz\/sk_sk\/wp-json\/wp\/v2\/pages\/27\/revisions"}],"predecessor-version":[{"id":2252,"href":"https:\/\/alkapuri.cz\/sk_sk\/wp-json\/wp\/v2\/pages\/27\/revisions\/2252"}],"wp:attachment":[{"href":"https:\/\/alkapuri.cz\/sk_sk\/wp-json\/wp\/v2\/media?parent=27"}],"curies":[{"name":"wp","href":"https:\/\/api.w.org\/{rel}","templated":true}]}}