{"id":2668,"date":"2026-03-11T19:38:04","date_gmt":"2026-03-11T17:38:04","guid":{"rendered":"https:\/\/alkapuri.cz\/uvod-slovencina\/"},"modified":"2026-03-11T19:38:04","modified_gmt":"2026-03-11T17:38:04","slug":"uvod-slovencina","status":"publish","type":"page","link":"https:\/\/alkapuri.cz\/sk_sk\/uvod-slovencina\/","title":{"rendered":"\u00davod &#8211; Sloven\u010dina"},"content":{"rendered":"","protected":false},"excerpt":{"rendered":"","protected":false},"author":5,"featured_media":0,"parent":0,"menu_order":0,"comment_status":"closed","ping_status":"closed","template":"","meta":{"_et_pb_use_builder":"","_et_pb_old_content":"","_et_gb_content_width":"","footnotes":""},"class_list":["post-2668","page","type-page","status-publish","hentry"],"yoast_head":"<!-- This site is optimized with the Yoast SEO plugin v24.2 - https:\/\/yoast.com\/wordpress\/plugins\/seo\/ -->\n<title>\u00davod - Sloven\u010dina | \u0158e\u0161en\u00ed pro zachov\u00e1n\u00ed p\u0159\u00edrodn\u00edho bohatstv\u00ed | Alkapuri s.r.o.<\/title>\n<meta name=\"description\" content=\"Recyklace a \u010di\u0161t\u011bn\u00ed \u0161ed\u00e9 vody. Ekologick\u00e1 \u0159e\u0161en\u00ed, inovace a technologie. Zachov\u00e1n\u00ed rovnov\u00e1hy v p\u0159\u00edrod\u011b. Alkapuri s.r.o. Voda je \u017eivot\" \/>\n<meta name=\"robots\" content=\"index, follow, max-snippet:-1, max-image-preview:large, max-video-preview:-1\" \/>\n<link rel=\"canonical\" href=\"https:\/\/alkapuri.cz\/sk_sk\/uvod-slovencina\/\" \/>\n<meta property=\"og:locale\" content=\"sk_SK\" \/>\n<meta property=\"og:type\" content=\"article\" \/>\n<meta property=\"og:title\" content=\"\u00davod - Sloven\u010dina | \u0158e\u0161en\u00ed pro zachov\u00e1n\u00ed p\u0159\u00edrodn\u00edho bohatstv\u00ed | Alkapuri s.r.o.\" \/>\n<meta property=\"og:description\" content=\"Recyklace a \u010di\u0161t\u011bn\u00ed \u0161ed\u00e9 vody. Ekologick\u00e1 \u0159e\u0161en\u00ed, inovace a technologie. Zachov\u00e1n\u00ed rovnov\u00e1hy v p\u0159\u00edrod\u011b. Alkapuri s.r.o. Voda je \u017eivot\" \/>\n<meta property=\"og:url\" content=\"https:\/\/alkapuri.cz\/sk_sk\/uvod-slovencina\/\" \/>\n<meta property=\"og:site_name\" content=\"\u0158e\u0161en\u00ed pro zachov\u00e1n\u00ed p\u0159\u00edrodn\u00edho bohatstv\u00ed | Alkapuri s.r.o.\" \/>\n<meta property=\"article:publisher\" content=\"https:\/\/www.facebook.com\/alkapuri.cz\" \/>\n<meta name=\"twitter:card\" content=\"summary_large_image\" \/>\n<script type=\"application\/ld+json\" class=\"yoast-schema-graph\">{\"@context\":\"https:\/\/schema.org\",\"@graph\":[{\"@type\":\"WebPage\",\"@id\":\"https:\/\/alkapuri.cz\/uvod-slovencina\/\",\"url\":\"https:\/\/alkapuri.cz\/uvod-slovencina\/\",\"name\":\"\u00davod - Sloven\u010dina | \u0158e\u0161en\u00ed pro zachov\u00e1n\u00ed p\u0159\u00edrodn\u00edho bohatstv\u00ed | Alkapuri s.r.o.\",\"isPartOf\":{\"@id\":\"https:\/\/alkapuri.cz\/#website\"},\"datePublished\":\"2026-03-11T17:38:04+00:00\",\"dateModified\":\"2026-03-11T17:38:04+00:00\",\"description\":\"Recyklace a \u010di\u0161t\u011bn\u00ed \u0161ed\u00e9 vody. Ekologick\u00e1 \u0159e\u0161en\u00ed, inovace a technologie. Zachov\u00e1n\u00ed rovnov\u00e1hy v p\u0159\u00edrod\u011b. Alkapuri s.r.o. Voda je \u017eivot\",\"breadcrumb\":{\"@id\":\"https:\/\/alkapuri.cz\/uvod-slovencina\/#breadcrumb\"},\"inLanguage\":\"sk-SK\",\"potentialAction\":[{\"@type\":\"ReadAction\",\"target\":[\"https:\/\/alkapuri.cz\/uvod-slovencina\/\"]}]},{\"@type\":\"BreadcrumbList\",\"@id\":\"https:\/\/alkapuri.cz\/uvod-slovencina\/#breadcrumb\",\"itemListElement\":[{\"@type\":\"ListItem\",\"position\":1,\"name\":\"Dom\u016f\",\"item\":\"https:\/\/alkapuri.cz\/\"},{\"@type\":\"ListItem\",\"position\":2,\"name\":\"\u00davod &#8211; Sloven\u010dina\"}]},{\"@type\":\"WebSite\",\"@id\":\"https:\/\/alkapuri.cz\/#website\",\"url\":\"https:\/\/alkapuri.cz\/\",\"name\":\"\u0158e\u0161en\u00ed pro zachov\u00e1n\u00ed p\u0159\u00edrodn\u00edho bohatstv\u00ed | Alkapuri s.r.o.\",\"description\":\"Zachov\u00e1n\u00ed rovnov\u00e1hy v p\u0159\u00edrod\u011b za pomoci technologick\u00fdch inovac\u00ed. Ekologick\u00e1 \u0159e\u0161en\u00ed. Zachov\u00e1n\u00ed vodn\u00edch zdroj\u016f. Recyklace \u0161ed\u00e9 vody. Voda je \u017eivot.\",\"potentialAction\":[{\"@type\":\"SearchAction\",\"target\":{\"@type\":\"EntryPoint\",\"urlTemplate\":\"https:\/\/alkapuri.cz\/?s={search_term_string}\"},\"query-input\":{\"@type\":\"PropertyValueSpecification\",\"valueRequired\":true,\"valueName\":\"search_term_string\"}}],\"inLanguage\":\"sk-SK\"}]}<\/script>\n<!-- \/ Yoast SEO plugin. -->","yoast_head_json":{"title":"\u00davod - Sloven\u010dina | \u0158e\u0161en\u00ed pro zachov\u00e1n\u00ed p\u0159\u00edrodn\u00edho bohatstv\u00ed | Alkapuri s.r.o.","description":"Recyklace a \u010di\u0161t\u011bn\u00ed \u0161ed\u00e9 vody. Ekologick\u00e1 \u0159e\u0161en\u00ed, inovace a technologie. Zachov\u00e1n\u00ed rovnov\u00e1hy v p\u0159\u00edrod\u011b. Alkapuri s.r.o. Voda je \u017eivot","robots":{"index":"index","follow":"follow","max-snippet":"max-snippet:-1","max-image-preview":"max-image-preview:large","max-video-preview":"max-video-preview:-1"},"canonical":"https:\/\/alkapuri.cz\/sk_sk\/uvod-slovencina\/","og_locale":"sk_SK","og_type":"article","og_title":"\u00davod - Sloven\u010dina | \u0158e\u0161en\u00ed pro zachov\u00e1n\u00ed p\u0159\u00edrodn\u00edho bohatstv\u00ed | Alkapuri s.r.o.","og_description":"Recyklace a \u010di\u0161t\u011bn\u00ed \u0161ed\u00e9 vody. Ekologick\u00e1 \u0159e\u0161en\u00ed, inovace a technologie. Zachov\u00e1n\u00ed rovnov\u00e1hy v p\u0159\u00edrod\u011b. Alkapuri s.r.o. Voda je \u017eivot","og_url":"https:\/\/alkapuri.cz\/sk_sk\/uvod-slovencina\/","og_site_name":"\u0158e\u0161en\u00ed pro zachov\u00e1n\u00ed p\u0159\u00edrodn\u00edho bohatstv\u00ed | Alkapuri s.r.o.","article_publisher":"https:\/\/www.facebook.com\/alkapuri.cz","twitter_card":"summary_large_image","schema":{"@context":"https:\/\/schema.org","@graph":[{"@type":"WebPage","@id":"https:\/\/alkapuri.cz\/uvod-slovencina\/","url":"https:\/\/alkapuri.cz\/uvod-slovencina\/","name":"\u00davod - Sloven\u010dina | \u0158e\u0161en\u00ed pro zachov\u00e1n\u00ed p\u0159\u00edrodn\u00edho bohatstv\u00ed | Alkapuri s.r.o.","isPartOf":{"@id":"https:\/\/alkapuri.cz\/#website"},"datePublished":"2026-03-11T17:38:04+00:00","dateModified":"2026-03-11T17:38:04+00:00","description":"Recyklace a \u010di\u0161t\u011bn\u00ed \u0161ed\u00e9 vody. Ekologick\u00e1 \u0159e\u0161en\u00ed, inovace a technologie. Zachov\u00e1n\u00ed rovnov\u00e1hy v p\u0159\u00edrod\u011b. Alkapuri s.r.o. Voda je \u017eivot","breadcrumb":{"@id":"https:\/\/alkapuri.cz\/uvod-slovencina\/#breadcrumb"},"inLanguage":"sk-SK","potentialAction":[{"@type":"ReadAction","target":["https:\/\/alkapuri.cz\/uvod-slovencina\/"]}]},{"@type":"BreadcrumbList","@id":"https:\/\/alkapuri.cz\/uvod-slovencina\/#breadcrumb","itemListElement":[{"@type":"ListItem","position":1,"name":"Dom\u016f","item":"https:\/\/alkapuri.cz\/"},{"@type":"ListItem","position":2,"name":"\u00davod &#8211; Sloven\u010dina"}]},{"@type":"WebSite","@id":"https:\/\/alkapuri.cz\/#website","url":"https:\/\/alkapuri.cz\/","name":"\u0158e\u0161en\u00ed pro zachov\u00e1n\u00ed p\u0159\u00edrodn\u00edho bohatstv\u00ed | Alkapuri s.r.o.","description":"Zachov\u00e1n\u00ed rovnov\u00e1hy v p\u0159\u00edrod\u011b za pomoci technologick\u00fdch inovac\u00ed. Ekologick\u00e1 \u0159e\u0161en\u00ed. Zachov\u00e1n\u00ed vodn\u00edch zdroj\u016f. Recyklace \u0161ed\u00e9 vody. Voda je \u017eivot.","potentialAction":[{"@type":"SearchAction","target":{"@type":"EntryPoint","urlTemplate":"https:\/\/alkapuri.cz\/?s={search_term_string}"},"query-input":{"@type":"PropertyValueSpecification","valueRequired":true,"valueName":"search_term_string"}}],"inLanguage":"sk-SK"}]}},"_links":{"self":[{"href":"https:\/\/alkapuri.cz\/sk_sk\/wp-json\/wp\/v2\/pages\/2668","targetHints":{"allow":["GET"]}}],"collection":[{"href":"https:\/\/alkapuri.cz\/sk_sk\/wp-json\/wp\/v2\/pages"}],"about":[{"href":"https:\/\/alkapuri.cz\/sk_sk\/wp-json\/wp\/v2\/types\/page"}],"author":[{"embeddable":true,"href":"https:\/\/alkapuri.cz\/sk_sk\/wp-json\/wp\/v2\/users\/5"}],"replies":[{"embeddable":true,"href":"https:\/\/alkapuri.cz\/sk_sk\/wp-json\/wp\/v2\/comments?post=2668"}],"version-history":[{"count":0,"href":"https:\/\/alkapuri.cz\/sk_sk\/wp-json\/wp\/v2\/pages\/2668\/revisions"}],"wp:attachment":[{"href":"https:\/\/alkapuri.cz\/sk_sk\/wp-json\/wp\/v2\/media?parent=2668"}],"curies":[{"name":"wp","href":"https:\/\/api.w.org\/{rel}","templated":true}]}}