{"id":25,"date":"2020-09-14T12:26:11","date_gmt":"2020-09-14T12:26:11","guid":{"rendered":"http:\/\/alkapuri.cz\/?page_id=25"},"modified":"2026-03-19T00:55:20","modified_gmt":"2026-03-18T22:55:20","slug":"kontaktuje-nas","status":"publish","type":"page","link":"https:\/\/alkapuri.cz\/sk_sk\/kontaktuje-nas\/","title":{"rendered":"Kontaktujte n\u00e1s"},"content":{"rendered":"<p>[et_pb_section fb_built=&#8220;1&#8243; admin_label=&#8220;Footer&#8220; module_id=&#8220;popt\u00e1vka&#8220; _builder_version=&#8220;4.16.0&#8243; use_background_color_gradient=&#8220;on&#8220; background_color_gradient_stops=&#8220;rgba(255,255,255,0) 0%|#ffffff 100%&#8220; background_color_gradient_overlays_image=&#8220;on&#8220; background_color_gradient_start=&#8220;rgba(255,255,255,0)&#8220; background_color_gradient_end=&#8220;#ffffff&#8220; background_image=&#8220;https:\/\/alkapuri.cz\/wp-content\/uploads\/2022\/05\/wadis-bg-dark.jpg&#8220; min_height=&#8220;609px&#8220; custom_margin=&#8220;3px|||||&#8220; custom_padding=&#8220;41px|||||&#8220; saved_tabs=&#8220;all&#8220; global_colors_info=&#8220;{}&#8220;][et_pb_row _builder_version=&#8220;4.16&#8243; min_height=&#8220;120px&#8220; custom_padding=&#8220;20px||0px|||&#8220; global_colors_info=&#8220;{}&#8220;][et_pb_column type=&#8220;4_4&#8243; _builder_version=&#8220;4.16&#8243; custom_padding=&#8220;|||&#8220; global_colors_info=&#8220;{}&#8220; custom_padding__hover=&#8220;|||&#8220;][et_pb_text _builder_version=&#8220;4.16&#8243; text_font=&#8220;||||||||&#8220; header_font=&#8220;||||||||&#8220; header_2_font=&#8220;Libre Franklin|300|||||||&#8220; header_2_font_size=&#8220;52px&#8220; header_2_line_height=&#8220;1.4em&#8220; custom_margin=&#8220;|-31px||||&#8220; custom_padding=&#8220;|0px||||&#8220; header_2_font_size_tablet=&#8220;&#8220; header_2_font_size_phone=&#8220;32px&#8220; header_2_font_size_last_edited=&#8220;on|phone&#8220; header_text_shadow_style=&#8220;preset1&#8243; header_2_text_shadow_style=&#8220;preset1&#8243; locked=&#8220;off&#8220; global_colors_info=&#8220;{}&#8220;]<\/p>\n<h2 style=\"text-align: left;\"><strong><span color=\"#ffffff\" style=\"color: #ffffff;\">Kontaktn\u00ed formul\u00e1\u0159<\/span><span style=\"color: #2547b0;\">\u00a0<\/span><\/strong><\/h2>\n<p>[\/et_pb_text][\/et_pb_column][\/et_pb_row][et_pb_row _builder_version=&#8220;4.16&#8243; _module_preset=&#8220;default&#8220; global_colors_info=&#8220;{}&#8220;][et_pb_column type=&#8220;4_4&#8243; _builder_version=&#8220;4.16&#8243; _module_preset=&#8220;default&#8220; global_colors_info=&#8220;{}&#8220;][et_pb_text _builder_version=&#8220;4.16.0&#8243; _module_preset=&#8220;default&#8220; global_colors_info=&#8220;{}&#8220;]<\/p>\n<div class='fluentform ff-default fluentform_wrapper_6 ffs_default_wrap'><form data-form_id=\"6\" id=\"fluentform_6\" class=\"frm-fluent-form fluent_form_6 ff-el-form-top ff_form_instance_6_1 ff-form-loading cform cform--wadis ffs_default\" data-form_instance=\"ff_form_instance_6_1\" method=\"POST\" ><fieldset  style=\"border: none!important;margin: 0!important;padding: 0!important;background-color: transparent!important;box-shadow: none!important;outline: none!important; min-inline-size: 100%;\">\n                    <legend class=\"ff_screen_reader_title\" style=\"display: block; margin: 0!important;padding: 0!important;height: 0!important;text-indent: -999999px;width: 0!important;overflow:hidden;\">Kontakt<\/legend><input type='hidden' name='__fluent_form_embded_post_id' value='25' \/><input type=\"hidden\" id=\"_fluentform_6_fluentformnonce\" name=\"_fluentform_6_fluentformnonce\" value=\"9f84bbe6b5\" \/><input type=\"hidden\" name=\"_wp_http_referer\" value=\"\/sk_sk\/wp-json\/wp\/v2\/pages\/25\" \/><div data-name=\"ff_cn_id_1\"  class='ff-t-container ff-column-container ff_columns_total_2  '><div class='ff-t-cell ff-t-column-1' style='flex-basis: 50%;'><div class='ff-el-group'><div class=\"ff-el-input--label ff-el-is-required asterisk-right\"><label for='ff_6_input_text' aria-label=\"Jm\u00e9no a p\u0159\u00edjmen\u00ed\">Jm\u00e9no a p\u0159\u00edjmen\u00ed<\/label><\/div><div class='ff-el-input--content'><input type=\"text\" name=\"input_text\" class=\"ff-el-form-control\" data-name=\"input_text\" id=\"ff_6_input_text\"  aria-invalid=\"false\" aria-required=true><\/div><\/div><\/div><div class='ff-t-cell ff-t-column-2' style='flex-basis: 50%;'><div class='ff-el-group'><div class=\"ff-el-input--label ff-el-is-required asterisk-right\"><label for='ff_6_email' aria-label=\"Emailov\u00e1 adresa\">Emailov\u00e1 adresa<\/label><\/div><div class='ff-el-input--content'><input type=\"email\" name=\"email\" id=\"ff_6_email\" class=\"ff-el-form-control\" data-name=\"email\"  aria-invalid=\"false\" aria-required=true><\/div><\/div><\/div><\/div><div class='ff-el-group'><div class=\"ff-el-input--label ff-el-is-required asterisk-right\"><label for='ff_6_description' aria-label=\"Zpr\u00e1va\">Zpr\u00e1va<\/label><\/div><div class='ff-el-input--content'><textarea aria-invalid=\"false\" aria-required=true name=\"description\" id=\"ff_6_description\" class=\"ff-el-form-control\" rows=\"3\" cols=\"2\" data-name=\"description\" ><\/textarea><\/div><\/div><div class='ff-el-group    ff-el-input--content'><div class='ff-el-form-check ff-el-tc'><label aria-label='Terms and Conditions: Souhlas\u00edm se z\u00e1sadami ochrany osobn\u00edch \u00fadaj\u016f Contains 1 link. Use tab navigation to review.' class='ff-el-form-check-label ff_tc_label' for=terms-n-condition_e52aa7f58b582be37f214bcd1be59671><span class='ff_tc_checkbox'><input type=\"checkbox\" name=\"terms-n-condition\" class=\"ff-el-form-check-input\" data-name=\"terms-n-condition\" id=\"terms-n-condition_e52aa7f58b582be37f214bcd1be59671\"  value='on' aria-invalid='false' aria-required=true><\/span> <div class='ff_t_c'><p>Souhlas\u00edm se <a href=\"https:\/\/alkapuri.cz\/zasady-ochrany-osobnich-udaju\/\" target=\"_blank\" rel=\"noopener\">z\u00e1sadami ochrany osobn\u00edch \u00fadaj\u016f<\/a><\/p><\/div><\/label><\/div><\/div><div class='ff-el-group ff-text-right ff_submit_btn_wrapper'><button type=\"submit\" class=\"ff-btn ff-btn-submit ff-btn-md et_pb_contact_submit et_pb_button btn--submit ff_btn_no_style\" >odeslat<\/button><\/div><\/fieldset><\/form><div id='fluentform_6_errors' class='ff-errors-in-stack ff_form_instance_6_1 ff-form-loading_errors ff_form_instance_6_1_errors'><\/div><\/div>        <script type=\"text\/javascript\">\n            window.fluent_form_ff_form_instance_6_1 = {\"id\":\"6\",\"settings\":{\"layout\":{\"labelPlacement\":\"top\",\"helpMessagePlacement\":\"with_label\",\"errorMessagePlacement\":\"inline\",\"asteriskPlacement\":\"asterisk-right\"},\"restrictions\":{\"denyEmptySubmission\":{\"enabled\":false}}},\"form_instance\":\"ff_form_instance_6_1\",\"form_id_selector\":\"fluentform_6\",\"rules\":{\"input_text\":{\"required\":{\"value\":true,\"message\":\"Toto pole je povinn\\u00e9.\"}},\"email\":{\"required\":{\"value\":true,\"message\":\"Toto pole je povinn\\u00e9.\"},\"email\":{\"value\":true,\"message\":\"This field must contain a valid email\"}},\"description\":{\"required\":{\"value\":true,\"message\":\"Toto pole je povinn\\u00e9.\"}},\"terms-n-condition\":{\"required\":{\"value\":true,\"message\":\"Toto pole je povinn\\u00e9.\"}}},\"debounce_time\":300};\n                    <\/script>\n        \n<p>[\/et_pb_text][\/et_pb_column][\/et_pb_row][\/et_pb_section][et_pb_section fb_built=&#8220;1&#8243; admin_label=&#8220;Footer&#8220; _builder_version=&#8220;4.16&#8243; use_background_color_gradient=&#8220;on&#8220; background_color_gradient_type=&#8220;circular&#8220; background_color_gradient_direction_radial=&#8220;left&#8220; background_color_gradient_stops=&#8220;#ffffff 25%|#ffffff 60%&#8220; background_color_gradient_overlays_image=&#8220;on&#8220; background_color_gradient_start=&#8220;#ffffff&#8220; background_color_gradient_start_position=&#8220;25%&#8220; background_color_gradient_end=&#8220;#ffffff&#8220; background_color_gradient_end_position=&#8220;60%&#8220; background_image=&#8220;https:\/\/alkapuri.cz\/wp-content\/uploads\/2020\/09\/splashing-165192_1280.jpg&#8220; custom_margin=&#8220;1px|||||&#8220; custom_padding=&#8220;||2px|||&#8220; saved_tabs=&#8220;all&#8220; global_colors_info=&#8220;{}&#8220;][et_pb_row column_structure=&#8220;1_3,1_3,1_3&#8243; _builder_version=&#8220;4.16&#8243; _module_preset=&#8220;default&#8220; global_colors_info=&#8220;{}&#8220;][et_pb_column type=&#8220;1_3&#8243; _builder_version=&#8220;4.16&#8243; _module_preset=&#8220;default&#8220; global_colors_info=&#8220;{}&#8220;][et_pb_blurb title=&#8220;Telefonn\u00ed \u010d\u00edslo&#8220; use_icon=&#8220;on&#8220; font_icon=&#8220;&#xe090;||divi||400&#8243; icon_color=&#8220;#2547b0&#8243; icon_placement=&#8220;left&#8220; image_icon_width=&#8220;22px&#8220; content_max_width=&#8220;820px&#8220; _builder_version=&#8220;4.16&#8243; header_font=&#8220;Libre Franklin|600|||||||&#8220; header_text_color=&#8220;#2547b0&#8243; header_line_height=&#8220;1.4em&#8220; body_font=&#8220;||||||||&#8220; body_text_color=&#8220;#2547B0&#8243; body_line_height=&#8220;1.8em&#8220; background_layout=&#8220;dark&#8220; module_alignment=&#8220;left&#8220; custom_margin=&#8220;|75px||75px||true&#8220; custom_padding=&#8220;|0px||||&#8220; animation=&#8220;off&#8220; icon_font_size=&#8220;22px&#8220; locked=&#8220;off&#8220; global_colors_info=&#8220;{}&#8220;]<\/p>\n<p><a href=\"tel:+420606722224\">+420\u00a0606\u00a0722 224<\/a><\/p>\n<p>[\/et_pb_blurb][\/et_pb_column][et_pb_column type=&#8220;1_3&#8243; _builder_version=&#8220;4.16&#8243; _module_preset=&#8220;default&#8220; global_colors_info=&#8220;{}&#8220;][et_pb_blurb title=&#8220;Email&#8220; use_icon=&#8220;on&#8220; font_icon=&#8220;&#xe076;||divi||400&#8243; icon_color=&#8220;#2547b0&#8243; icon_placement=&#8220;left&#8220; image_icon_width=&#8220;22px&#8220; _builder_version=&#8220;4.16&#8243; header_font=&#8220;Libre Franklin|600|||||||&#8220; header_text_color=&#8220;#2547b0&#8243; header_line_height=&#8220;1.4em&#8220; body_font=&#8220;||||||||&#8220; body_text_color=&#8220;#2547B0&#8243; body_line_height=&#8220;1.8em&#8220; background_layout=&#8220;dark&#8220; custom_margin=&#8220;|75px||75px||true&#8220; animation=&#8220;off&#8220; icon_font_size=&#8220;22px&#8220; locked=&#8220;off&#8220; global_colors_info=&#8220;{}&#8220;]<\/p>\n<p><a href=\"mailto:info@alkapuri.cz\" target=\"_blank\" rel=\"noopener noreferrer\">info@alkapuri.cz<\/a><\/p>\n<p>[\/et_pb_blurb][\/et_pb_column][et_pb_column type=&#8220;1_3&#8243; _builder_version=&#8220;4.16&#8243; _module_preset=&#8220;default&#8220; global_colors_info=&#8220;{}&#8220;][et_pb_blurb title=&#8220;Koresponden\u010dn\u00ed adresa&#8220; use_icon=&#8220;on&#8220; font_icon=&#8220;&#x68;||divi||400&#8243; icon_color=&#8220;#2547B0&#8243; icon_placement=&#8220;left&#8220; image_icon_width=&#8220;22px&#8220; _builder_version=&#8220;4.27.4&#8243; header_font=&#8220;Libre Franklin|600|||||||&#8220; header_text_color=&#8220;#2547b0&#8243; header_line_height=&#8220;1.4em&#8220; body_font=&#8220;||||||||&#8220; body_text_color=&#8220;#2547B0&#8243; body_line_height=&#8220;1.8em&#8220; background_layout=&#8220;dark&#8220; width=&#8220;63.8%&#8220; custom_margin=&#8220;|||74px||&#8220; custom_padding=&#8220;|1px||0px||&#8220; animation=&#8220;off&#8220; icon_font_size=&#8220;22px&#8220; locked=&#8220;off&#8220; global_colors_info=&#8220;{}&#8220;]<\/p>\n<p><span>Alkapuri s.r.o.<\/span><\/p>\n<p><span>I\u010cO: 06028357<\/span><\/p>\n<p><span>Vavre\u010dkova 5262, 76001 Zl\u00edn, <\/span><span>Czech Republic<\/span><\/p>\n<p>[\/et_pb_blurb][\/et_pb_column][\/et_pb_row][et_pb_row _builder_version=&#8220;4.16&#8243; _module_preset=&#8220;default&#8220; custom_margin=&#8220;-22px|auto||auto||&#8220; custom_padding=&#8220;46px|||||&#8220; global_colors_info=&#8220;{}&#8220;][et_pb_column type=&#8220;4_4&#8243; _builder_version=&#8220;4.16&#8243; _module_preset=&#8220;default&#8220; global_colors_info=&#8220;{}&#8220;][et_pb_text _builder_version=&#8220;4.17.4&#8243; _module_preset=&#8220;default&#8220; global_colors_info=&#8220;{}&#8220;]<\/p>\n<p style=\"text-align: center;\"><a href=\"https:\/\/alkapuri.cz\/zasady-ochrany-osobnich-udaju\/\">Z\u00e1sady ochrany osobn\u00edch \u00fadaj\u016f<\/a> | <a href=\"\/cookies\/\">Cookies<\/a><\/p>\n<p>[\/et_pb_text][\/et_pb_column][\/et_pb_row][\/et_pb_section]<\/p>\n","protected":false},"excerpt":{"rendered":"<p>Kontaktn\u00fd formul\u00e1r\u00a0<div class='fluentform ff-default fluentform_wrapper_6 ffs_default_wrap'><form data-form_id=\"6\" id=\"fluentform_6\" class=\"frm-fluent-form fluent_form_6 ff-el-form-top ff_form_instance_6_2 ff-form-loading cform cform--wadis ffs_default\" data-form_instance=\"ff_form_instance_6_2\" method=\"POST\" action=\"\" ><fieldset  style=\"border: none!important;margin: 0!important;padding: 0!important;background-color: transparent!important;box-shadow: none!important;outline: none!important; min-inline-size: 100%;\">\n                    <legend class=\"ff_screen_reader_title\" style=\"display: block; margin: 0!important;padding: 0!important;height: 0!important;text-indent: -999999px;width: 0!important;overflow:hidden;\">Kontakt<\/legend><input type='hidden' name='__fluent_form_embded_post_id' value='25' \/><input type=\"hidden\" id=\"_fluentform_6_fluentformnonce\" name=\"_fluentform_6_fluentformnonce\" value=\"9f84bbe6b5\" \/><input type=\"hidden\" name=\"_wp_http_referer\" value=\"\/sk_sk\/wp-json\/wp\/v2\/pages\/25\" \/><div data-name=\"ff_cn_id_1\"  class='ff-t-container ff-column-container ff_columns_total_2'><div class='ff-t-cell ff-t-column-1' style='flex-basis: 50%;'><div class='ff-el-group'><div class=\"ff-el-input--label ff-el-is-required asterisk-right\"><label for='ff_6_2_input_text' aria-label=\"Meno a priezvisko\">Meno a priezvisko<\/label><\/div><div class='ff-el-input--content'><input type=\"text\" name=\"input_text\" class=\"ff-el-form-control\" data-name=\"input_text\" id=\"ff_6_2_input_text\"  aria-invalid=\"false\" aria-required=\"true\"><\/div><\/div><\/div><div class='ff-t-cell ff-t-column-2' style='flex-basis: 50%;'><div class='ff-el-group'><div class=\"ff-el-input--label ff-el-is-required asterisk-right\"><label for='ff_6_2_email' aria-label=\"Emailov\u00e1 adresa\">Emailov\u00e1 adresa<\/label><\/div><div class='ff-el-input--content'><input type=\"email\" name=\"email\" id=\"ff_6_2_email\" class=\"ff-el-form-control\" data-name=\"email\"  aria-invalid=\"false\" aria-required=\"true\"><\/div><\/div><\/div><\/div><div class='ff-el-group'><div class=\"ff-el-input--label ff-el-is-required asterisk-right\"><label for='ff_6_2_description' aria-label=\"Spr\u00e1va\">Spr\u00e1va<\/label><\/div><div class='ff-el-input--content'><textarea aria-invalid=\"false\" aria-required=\"true\" name=\"description\" id=\"ff_6_2_description\" class=\"ff-el-form-control\" rows=\"3\" cols=\"2\" data-name=\"description\" ><\/textarea><\/div><\/div><div class='ff-el-group    ff-el-input--content'><div class='ff-el-form-check ff-el-tc'><label aria-label='Terms and Conditions: Souhlas\u00edm se z\u00e1sadami ochrany osobn\u00edch \u00fadaj\u016f Contains 1 link. Use tab navigation to review.' class='ff-el-form-check-label ff_tc_label' for=\"terms-n-condition_0f8f759c8aa39bc83c1eee34fefb6f65\"><span class='ff_tc_checkbox'><input type=\"checkbox\" name=\"terms-n-condition\" class=\"ff-el-form-check-input\" data-name=\"terms-n-condition\" id=\"terms-n-condition_0f8f759c8aa39bc83c1eee34fefb6f65\"  value='on' aria-invalid='false' aria-required=\"true\"><\/span> <div class='ff_t_c'><p>S\u00fahlas\u00edm so <a href=\"https:\/\/alkapuri.cz\/sk_sk\/zasady-ochrany-osobnich-udaju\/\" target=\"_blank\" rel=\"noopener\">z\u00e1sadami ochrany osobn\u00fdch \u00fadajov<\/a><\/p><\/div><\/label><\/div><\/div><div class='ff-el-group ff-text-right ff_submit_btn_wrapper'><button type=\"submit\" class=\"ff-btn ff-btn-submit ff-btn-md et_pb_contact_submit et_pb_button btn--submit ff_btn_no_style\" >posla\u0165<\/button><\/div><\/fieldset><input type=\"hidden\" name=\"trp-form-language\" value=\"sk_sk\"\/><\/form><div id='fluentform_6_errors' class='ff-errors-in-stack ff_form_instance_6_2 ff-form-loading_errors ff_form_instance_6_2_errors'><\/div><\/div>        <script type=\"text\/javascript\">\n            window.fluent_form_ff_form_instance_6_2 = {\"id\":\"6\",\"settings\":{\"layout\":{\"labelPlacement\":\"top\",\"helpMessagePlacement\":\"with_label\",\"errorMessagePlacement\":\"inline\",\"asteriskPlacement\":\"asterisk-right\"},\"restrictions\":{\"denyEmptySubmission\":{\"enabled\":false}}},\"form_instance\":\"ff_form_instance_6_2\",\"form_id_selector\":\"fluentform_6\",\"rules\":{\"input_text\":{\"required\":{\"value\":true,\"message\":\"Toto pole je povinn\\u00e9.\"}},\"email\":{\"required\":{\"value\":true,\"message\":\"Toto pole je povinn\\u00e9.\"},\"email\":{\"value\":true,\"message\":\"This field must contain a valid email\"}},\"description\":{\"required\":{\"value\":true,\"message\":\"Toto pole je povinn\\u00e9.\"}},\"terms-n-condition\":{\"required\":{\"value\":true,\"message\":\"Toto pole je povinn\\u00e9.\"}}},\"debounce_time\":300};\n                    <\/script>\n        +420\u00a0606\u00a0722 224info@alkapuri.czAlkapuri s.r.o. I\u010cO: 06028357 Vavre\u010dkova 5262, 76001 Zl\u00edn, Czech RepublicZ\u00e1sady ochrany osobn\u00edch \u00fadaj\u016f | Cookies<\/p>","protected":false},"author":1,"featured_media":0,"parent":0,"menu_order":0,"comment_status":"closed","ping_status":"closed","template":"","meta":{"_et_pb_use_builder":"on","_et_pb_old_content":"<!-- wp:divi\/placeholder \/-->","_et_gb_content_width":"","footnotes":""},"class_list":["post-25","page","type-page","status-publish","hentry"],"yoast_head":"<!-- This site is optimized with the Yoast SEO plugin v24.2 - https:\/\/yoast.com\/wordpress\/plugins\/seo\/ -->\n<title>Kontaktujte n\u00e1s | \u0158e\u0161en\u00ed pro zachov\u00e1n\u00ed p\u0159\u00edrodn\u00edho bohatstv\u00ed | Alkapuri s.r.o.<\/title>\n<meta name=\"description\" content=\"Recyklace a \u010di\u0161t\u011bn\u00ed \u0161ed\u00e9 vody. Ekologick\u00e1 \u0159e\u0161en\u00ed, inovace a technologie. Zachov\u00e1n\u00ed rovnov\u00e1hy v p\u0159\u00edrod\u011b. Alkapuri s.r.o. Voda je \u017eivot\" \/>\n<meta name=\"robots\" content=\"index, follow, max-snippet:-1, max-image-preview:large, max-video-preview:-1\" \/>\n<link rel=\"canonical\" href=\"https:\/\/alkapuri.cz\/sk_sk\/kontaktuje-nas\/\" \/>\n<meta property=\"og:locale\" content=\"sk_SK\" \/>\n<meta property=\"og:type\" content=\"article\" \/>\n<meta property=\"og:title\" content=\"Kontaktujte n\u00e1s | \u0158e\u0161en\u00ed pro zachov\u00e1n\u00ed p\u0159\u00edrodn\u00edho bohatstv\u00ed | Alkapuri s.r.o.\" \/>\n<meta property=\"og:description\" content=\"Recyklace a \u010di\u0161t\u011bn\u00ed \u0161ed\u00e9 vody. Ekologick\u00e1 \u0159e\u0161en\u00ed, inovace a technologie. Zachov\u00e1n\u00ed rovnov\u00e1hy v p\u0159\u00edrod\u011b. Alkapuri s.r.o. Voda je \u017eivot\" \/>\n<meta property=\"og:url\" content=\"https:\/\/alkapuri.cz\/sk_sk\/kontaktuje-nas\/\" \/>\n<meta property=\"og:site_name\" content=\"\u0158e\u0161en\u00ed pro zachov\u00e1n\u00ed p\u0159\u00edrodn\u00edho bohatstv\u00ed | Alkapuri s.r.o.\" \/>\n<meta property=\"article:publisher\" content=\"https:\/\/www.facebook.com\/alkapuri.cz\" \/>\n<meta property=\"article:modified_time\" content=\"2026-03-18T22:55:20+00:00\" \/>\n<meta name=\"twitter:card\" content=\"summary_large_image\" \/>\n<meta name=\"twitter:label1\" content=\"Est. reading time\" \/>\n\t<meta name=\"twitter:data1\" content=\"3 min\u00faty\" \/>\n<script type=\"application\/ld+json\" class=\"yoast-schema-graph\">{\"@context\":\"https:\/\/schema.org\",\"@graph\":[{\"@type\":\"WebPage\",\"@id\":\"https:\/\/alkapuri.cz\/kontaktuje-nas\/\",\"url\":\"https:\/\/alkapuri.cz\/kontaktuje-nas\/\",\"name\":\"Kontaktujte n\u00e1s | \u0158e\u0161en\u00ed pro zachov\u00e1n\u00ed p\u0159\u00edrodn\u00edho bohatstv\u00ed | Alkapuri s.r.o.\",\"isPartOf\":{\"@id\":\"https:\/\/alkapuri.cz\/#website\"},\"datePublished\":\"2020-09-14T12:26:11+00:00\",\"dateModified\":\"2026-03-18T22:55:20+00:00\",\"description\":\"Recyklace a \u010di\u0161t\u011bn\u00ed \u0161ed\u00e9 vody. Ekologick\u00e1 \u0159e\u0161en\u00ed, inovace a technologie. Zachov\u00e1n\u00ed rovnov\u00e1hy v p\u0159\u00edrod\u011b. Alkapuri s.r.o. Voda je \u017eivot\",\"breadcrumb\":{\"@id\":\"https:\/\/alkapuri.cz\/kontaktuje-nas\/#breadcrumb\"},\"inLanguage\":\"sk-SK\",\"potentialAction\":[{\"@type\":\"ReadAction\",\"target\":[\"https:\/\/alkapuri.cz\/kontaktuje-nas\/\"]}]},{\"@type\":\"BreadcrumbList\",\"@id\":\"https:\/\/alkapuri.cz\/kontaktuje-nas\/#breadcrumb\",\"itemListElement\":[{\"@type\":\"ListItem\",\"position\":1,\"name\":\"Dom\u016f\",\"item\":\"https:\/\/alkapuri.cz\/\"},{\"@type\":\"ListItem\",\"position\":2,\"name\":\"Kontaktujte n\u00e1s\"}]},{\"@type\":\"WebSite\",\"@id\":\"https:\/\/alkapuri.cz\/#website\",\"url\":\"https:\/\/alkapuri.cz\/\",\"name\":\"\u0158e\u0161en\u00ed pro zachov\u00e1n\u00ed p\u0159\u00edrodn\u00edho bohatstv\u00ed | Alkapuri s.r.o.\",\"description\":\"Zachov\u00e1n\u00ed rovnov\u00e1hy v p\u0159\u00edrod\u011b za pomoci technologick\u00fdch inovac\u00ed. Ekologick\u00e1 \u0159e\u0161en\u00ed. Zachov\u00e1n\u00ed vodn\u00edch zdroj\u016f. Recyklace \u0161ed\u00e9 vody. Voda je \u017eivot.\",\"potentialAction\":[{\"@type\":\"SearchAction\",\"target\":{\"@type\":\"EntryPoint\",\"urlTemplate\":\"https:\/\/alkapuri.cz\/?s={search_term_string}\"},\"query-input\":{\"@type\":\"PropertyValueSpecification\",\"valueRequired\":true,\"valueName\":\"search_term_string\"}}],\"inLanguage\":\"sk-SK\"}]}<\/script>\n<!-- \/ Yoast SEO plugin. -->","yoast_head_json":{"title":"Kontaktujte n\u00e1s | \u0158e\u0161en\u00ed pro zachov\u00e1n\u00ed p\u0159\u00edrodn\u00edho bohatstv\u00ed | Alkapuri s.r.o.","description":"Recyklace a \u010di\u0161t\u011bn\u00ed \u0161ed\u00e9 vody. Ekologick\u00e1 \u0159e\u0161en\u00ed, inovace a technologie. Zachov\u00e1n\u00ed rovnov\u00e1hy v p\u0159\u00edrod\u011b. Alkapuri s.r.o. Voda je \u017eivot","robots":{"index":"index","follow":"follow","max-snippet":"max-snippet:-1","max-image-preview":"max-image-preview:large","max-video-preview":"max-video-preview:-1"},"canonical":"https:\/\/alkapuri.cz\/sk_sk\/kontaktuje-nas\/","og_locale":"sk_SK","og_type":"article","og_title":"Kontaktujte n\u00e1s | \u0158e\u0161en\u00ed pro zachov\u00e1n\u00ed p\u0159\u00edrodn\u00edho bohatstv\u00ed | Alkapuri s.r.o.","og_description":"Recyklace a \u010di\u0161t\u011bn\u00ed \u0161ed\u00e9 vody. Ekologick\u00e1 \u0159e\u0161en\u00ed, inovace a technologie. Zachov\u00e1n\u00ed rovnov\u00e1hy v p\u0159\u00edrod\u011b. Alkapuri s.r.o. Voda je \u017eivot","og_url":"https:\/\/alkapuri.cz\/sk_sk\/kontaktuje-nas\/","og_site_name":"\u0158e\u0161en\u00ed pro zachov\u00e1n\u00ed p\u0159\u00edrodn\u00edho bohatstv\u00ed | Alkapuri s.r.o.","article_publisher":"https:\/\/www.facebook.com\/alkapuri.cz","article_modified_time":"2026-03-18T22:55:20+00:00","twitter_card":"summary_large_image","twitter_misc":{"Est. reading time":"3 min\u00faty"},"schema":{"@context":"https:\/\/schema.org","@graph":[{"@type":"WebPage","@id":"https:\/\/alkapuri.cz\/kontaktuje-nas\/","url":"https:\/\/alkapuri.cz\/kontaktuje-nas\/","name":"Kontaktujte n\u00e1s | \u0158e\u0161en\u00ed pro zachov\u00e1n\u00ed p\u0159\u00edrodn\u00edho bohatstv\u00ed | Alkapuri s.r.o.","isPartOf":{"@id":"https:\/\/alkapuri.cz\/#website"},"datePublished":"2020-09-14T12:26:11+00:00","dateModified":"2026-03-18T22:55:20+00:00","description":"Recyklace a \u010di\u0161t\u011bn\u00ed \u0161ed\u00e9 vody. Ekologick\u00e1 \u0159e\u0161en\u00ed, inovace a technologie. Zachov\u00e1n\u00ed rovnov\u00e1hy v p\u0159\u00edrod\u011b. Alkapuri s.r.o. Voda je \u017eivot","breadcrumb":{"@id":"https:\/\/alkapuri.cz\/kontaktuje-nas\/#breadcrumb"},"inLanguage":"sk-SK","potentialAction":[{"@type":"ReadAction","target":["https:\/\/alkapuri.cz\/kontaktuje-nas\/"]}]},{"@type":"BreadcrumbList","@id":"https:\/\/alkapuri.cz\/kontaktuje-nas\/#breadcrumb","itemListElement":[{"@type":"ListItem","position":1,"name":"Dom\u016f","item":"https:\/\/alkapuri.cz\/"},{"@type":"ListItem","position":2,"name":"Kontaktujte n\u00e1s"}]},{"@type":"WebSite","@id":"https:\/\/alkapuri.cz\/#website","url":"https:\/\/alkapuri.cz\/","name":"\u0158e\u0161en\u00ed pro zachov\u00e1n\u00ed p\u0159\u00edrodn\u00edho bohatstv\u00ed | Alkapuri s.r.o.","description":"Zachov\u00e1n\u00ed rovnov\u00e1hy v p\u0159\u00edrod\u011b za pomoci technologick\u00fdch inovac\u00ed. Ekologick\u00e1 \u0159e\u0161en\u00ed. Zachov\u00e1n\u00ed vodn\u00edch zdroj\u016f. Recyklace \u0161ed\u00e9 vody. Voda je \u017eivot.","potentialAction":[{"@type":"SearchAction","target":{"@type":"EntryPoint","urlTemplate":"https:\/\/alkapuri.cz\/?s={search_term_string}"},"query-input":{"@type":"PropertyValueSpecification","valueRequired":true,"valueName":"search_term_string"}}],"inLanguage":"sk-SK"}]}},"_links":{"self":[{"href":"https:\/\/alkapuri.cz\/sk_sk\/wp-json\/wp\/v2\/pages\/25","targetHints":{"allow":["GET"]}}],"collection":[{"href":"https:\/\/alkapuri.cz\/sk_sk\/wp-json\/wp\/v2\/pages"}],"about":[{"href":"https:\/\/alkapuri.cz\/sk_sk\/wp-json\/wp\/v2\/types\/page"}],"author":[{"embeddable":true,"href":"https:\/\/alkapuri.cz\/sk_sk\/wp-json\/wp\/v2\/users\/1"}],"replies":[{"embeddable":true,"href":"https:\/\/alkapuri.cz\/sk_sk\/wp-json\/wp\/v2\/comments?post=25"}],"version-history":[{"count":52,"href":"https:\/\/alkapuri.cz\/sk_sk\/wp-json\/wp\/v2\/pages\/25\/revisions"}],"predecessor-version":[{"id":2674,"href":"https:\/\/alkapuri.cz\/sk_sk\/wp-json\/wp\/v2\/pages\/25\/revisions\/2674"}],"wp:attachment":[{"href":"https:\/\/alkapuri.cz\/sk_sk\/wp-json\/wp\/v2\/media?parent=25"}],"curies":[{"name":"wp","href":"https:\/\/api.w.org\/{rel}","templated":true}]}}