{"id":2144,"date":"2021-03-01T14:02:00","date_gmt":"2021-03-01T12:02:00","guid":{"rendered":"https:\/\/alkapuri.cz\/?page_id=2144"},"modified":"2022-07-18T16:13:36","modified_gmt":"2022-07-18T14:13:36","slug":"kontaktni-formular","status":"publish","type":"page","link":"https:\/\/alkapuri.cz\/sk_sk\/kontaktni-formular\/","title":{"rendered":"Kontaktn\u00ed formul\u00e1\u0159 odesl\u00e1n\u00ed"},"content":{"rendered":"<p>[et_pb_section fb_built=&#8220;1&#8243; admin_label=&#8220;Footer&#8220; module_id=&#8220;popt\u00e1vka&#8220; _builder_version=&#8220;4.16&#8243; use_background_color_gradient=&#8220;on&#8220; background_color_gradient_stops=&#8220;rgba(255,255,255,0) 0%|#ffffff 100%&#8220; background_color_gradient_overlays_image=&#8220;on&#8220; background_color_gradient_start=&#8220;rgba(255,255,255,0)&#8220; background_color_gradient_end=&#8220;#ffffff&#8220; background_image=&#8220;https:\/\/alkapuri.cz\/wp-content\/uploads\/2020\/10\/Alkapuri.cz-r\u030ces\u030ceni\u0301-zachova\u0301ni\u0301-pr\u030ci\u0301rodni\u0301ho-bohatstvi\u0301-7.jpg&#8220; min_height=&#8220;609px&#8220; custom_margin=&#8220;3px||-238px|||&#8220; custom_padding=&#8220;41px||0px|||&#8220; saved_tabs=&#8220;all&#8220; global_colors_info=&#8220;{}&#8220;][et_pb_row _builder_version=&#8220;4.16&#8243; min_height=&#8220;120px&#8220; custom_padding=&#8220;20px||0px|||&#8220; global_colors_info=&#8220;{}&#8220;][et_pb_column type=&#8220;4_4&#8243; _builder_version=&#8220;4.16&#8243; custom_padding=&#8220;|||&#8220; global_colors_info=&#8220;{}&#8220; custom_padding__hover=&#8220;|||&#8220;][et_pb_text _builder_version=&#8220;4.16&#8243; text_font=&#8220;||||||||&#8220; header_font=&#8220;||||||||&#8220; header_2_font=&#8220;Libre Franklin|300|||||||&#8220; header_2_font_size=&#8220;52px&#8220; header_2_line_height=&#8220;1.4em&#8220; custom_margin=&#8220;|-31px||||&#8220; custom_padding=&#8220;|0px||||&#8220; header_2_font_size_tablet=&#8220;&#8220; header_2_font_size_phone=&#8220;32px&#8220; header_2_font_size_last_edited=&#8220;on|phone&#8220; header_text_shadow_style=&#8220;preset1&#8243; header_2_text_shadow_style=&#8220;preset1&#8243; locked=&#8220;off&#8220; global_colors_info=&#8220;{}&#8220;]<\/p>\n<h2 style=\"text-align: left;\"><strong><span color=\"#ffffff\" style=\"color: #ffffff;\">Kontaktn\u00ed formul\u00e1\u0159<\/span><span style=\"color: #2547b0;\">\u00a0<\/span><\/strong><\/h2>\n<p>[\/et_pb_text][\/et_pb_column][\/et_pb_row][et_pb_row _builder_version=&#8220;4.16&#8243; _module_preset=&#8220;default&#8220; global_colors_info=&#8220;{}&#8220;][et_pb_column type=&#8220;4_4&#8243; _builder_version=&#8220;4.16&#8243; _module_preset=&#8220;default&#8220; global_colors_info=&#8220;{}&#8220;][et_pb_text _builder_version=&#8220;4.16&#8243; text_font=&#8220;||||||||&#8220; header_font=&#8220;||||||||&#8220; header_2_font=&#8220;Libre Franklin|300|||||||&#8220; header_2_font_size=&#8220;52px&#8220; header_2_line_height=&#8220;1.4em&#8220; custom_margin=&#8220;|0px||0px|false|true&#8220; custom_padding=&#8220;|0px||||&#8220; header_2_font_size_tablet=&#8220;&#8220; header_2_font_size_phone=&#8220;32px&#8220; header_2_font_size_last_edited=&#8220;on|phone&#8220; header_text_shadow_style=&#8220;preset1&#8243; header_2_text_shadow_style=&#8220;preset1&#8243; locked=&#8220;off&#8220; global_colors_info=&#8220;{}&#8220;]<\/p>\n<h2 style=\"text-align: center;\"><span style=\"font-size: x-large;\"><strong><span style=\"color: #2547b0;\">Odesl\u00e1n\u00ed formul\u00e1\u0159e se poda\u0159ilo, brzy se V\u00e1m ozveme s dal\u0161\u00edmi informacemi!<\/span><\/strong><\/span><\/h2>\n<p>[\/et_pb_text][\/et_pb_column][\/et_pb_row][\/et_pb_section][et_pb_section fb_built=&#8220;1&#8243; _builder_version=&#8220;4.16&#8243; _module_preset=&#8220;default&#8220; min_height=&#8220;1340.8px&#8220; custom_margin=&#8220;-14px||-1px|||&#8220; custom_padding=&#8220;0px||0px|||&#8220; global_colors_info=&#8220;{}&#8220;][et_pb_row _builder_version=&#8220;4.16&#8243; global_colors_info=&#8220;{}&#8220;][et_pb_column type=&#8220;4_4&#8243; _builder_version=&#8220;4.16&#8243; custom_padding=&#8220;|||&#8220; global_colors_info=&#8220;{}&#8220; custom_padding__hover=&#8220;|||&#8220;][et_pb_blog fullwidth=&#8220;off&#8220; posts_number=&#8220;12&#8243; include_categories=&#8220;70&#8243; excerpt_length=&#8220;150&#8243; show_author=&#8220;off&#8220; show_categories=&#8220;off&#8220; _builder_version=&#8220;4.16&#8243; header_font=&#8220;||||||||&#8220; header_text_color=&#8220;#2547B0&#8243; header_font_size=&#8220;24px&#8220; header_line_height=&#8220;1.4em&#8220; body_font=&#8220;Nunito||||||||&#8220; body_font_size=&#8220;16px&#8220; body_line_height=&#8220;1.8em&#8220; meta_font=&#8220;Nunito||||||||&#8220; meta_line_height=&#8220;1.8em&#8220; pagination_font=&#8220;Nunito|700||on|||||&#8220; pagination_text_color=&#8220;#c7755a&#8220; pagination_letter_spacing=&#8220;2px&#8220; animation_style=&#8220;fade&#8220; border_radii=&#8220;on|6px|6px|6px|6px&#8220; border_width_all=&#8220;0px&#8220; box_shadow_style=&#8220;preset3&#8243; box_shadow_color=&#8220;rgba(0,0,0,0.5)&#8220; global_colors_info=&#8220;{}&#8220;][\/et_pb_blog][\/et_pb_column][\/et_pb_row][et_pb_row _builder_version=&#8220;4.16&#8243; _module_preset=&#8220;default&#8220; global_colors_info=&#8220;{}&#8220;][et_pb_column type=&#8220;4_4&#8243; _builder_version=&#8220;4.16&#8243; _module_preset=&#8220;default&#8220; global_colors_info=&#8220;{}&#8220;][et_pb_text _builder_version=&#8220;4.16&#8243; _module_preset=&#8220;default&#8220; global_colors_info=&#8220;{}&#8220;]<\/p>\n<p style=\"text-align: center;\"><span style=\"text-decoration: underline; color: #000000;\"><a href=\"https:\/\/alkapuri.cz\/zasady-ochrany-osobnich-udaju\/\" target=\"_blank\" rel=\"noopener noreferrer\" style=\"color: #000000; text-decoration: underline;\">Z\u00e1sady ochrany osobn\u00edch \u00fadaj\u016f<\/a><\/span><\/p>\n<p>[\/et_pb_text][\/et_pb_column][\/et_pb_row][et_pb_row _builder_version=&#8220;4.16&#8243; _module_preset=&#8220;default&#8220; global_colors_info=&#8220;{}&#8220;][et_pb_column type=&#8220;4_4&#8243; _builder_version=&#8220;4.16&#8243; _module_preset=&#8220;default&#8220; global_colors_info=&#8220;{}&#8220;][et_pb_code _builder_version=&#8220;4.17.4&#8243; _module_preset=&#8220;default&#8220; hover_enabled=&#8220;0&#8243; global_colors_info=&#8220;{}&#8220; sticky_enabled=&#8220;0&#8243;]<script><!-- [et_pb_line_break_holder] -->window.dataLayer = window.dataLayer || []<!-- [et_pb_line_break_holder] -->window.dataLayer.push({<!-- [et_pb_line_break_holder] -->\t'event':   'form_submit',<!-- [et_pb_line_break_holder] -->\t'variant': 'contact'<!-- [et_pb_line_break_holder] -->})<!-- [et_pb_line_break_holder] --><\/script><!-- [et_pb_line_break_holder] -->[\/et_pb_code][\/et_pb_column][\/et_pb_row][\/et_pb_section]<\/p>\n","protected":false},"excerpt":{"rendered":"<p>Kontaktn\u00ed formul\u00e1\u0159\u00a0Odesl\u00e1n\u00ed formul\u00e1\u0159e se poda\u0159ilo, brzy se V\u00e1m ozveme s dal\u0161\u00edmi informacemi!Z\u00e1sady ochrany osobn\u00edch \u00fadaj\u016f<\/p>","protected":false},"author":1,"featured_media":0,"parent":0,"menu_order":0,"comment_status":"closed","ping_status":"closed","template":"","meta":{"_et_pb_use_builder":"on","_et_pb_old_content":"","_et_gb_content_width":"","footnotes":""},"class_list":["post-2144","page","type-page","status-publish","hentry"],"yoast_head":"<!-- This site is optimized with the Yoast SEO plugin v24.2 - https:\/\/yoast.com\/wordpress\/plugins\/seo\/ -->\n<title>Kontaktn\u00ed formul\u00e1\u0159 odesl\u00e1n\u00ed | \u0158e\u0161en\u00ed pro zachov\u00e1n\u00ed p\u0159\u00edrodn\u00edho bohatstv\u00ed | Alkapuri s.r.o.<\/title>\n<meta name=\"description\" content=\"Recyklace a \u010di\u0161t\u011bn\u00ed \u0161ed\u00e9 vody. Ekologick\u00e1 \u0159e\u0161en\u00ed, inovace a technologie. Zachov\u00e1n\u00ed rovnov\u00e1hy v p\u0159\u00edrod\u011b. Alkapuri s.r.o. Voda je \u017eivot\" \/>\n<meta name=\"robots\" content=\"index, follow, max-snippet:-1, max-image-preview:large, max-video-preview:-1\" \/>\n<link rel=\"canonical\" href=\"https:\/\/alkapuri.cz\/sk_sk\/kontaktni-formular\/\" \/>\n<meta property=\"og:locale\" content=\"sk_SK\" \/>\n<meta property=\"og:type\" content=\"article\" \/>\n<meta property=\"og:title\" content=\"Kontaktn\u00ed formul\u00e1\u0159 odesl\u00e1n\u00ed | \u0158e\u0161en\u00ed pro zachov\u00e1n\u00ed p\u0159\u00edrodn\u00edho bohatstv\u00ed | Alkapuri s.r.o.\" \/>\n<meta property=\"og:description\" content=\"Recyklace a \u010di\u0161t\u011bn\u00ed \u0161ed\u00e9 vody. Ekologick\u00e1 \u0159e\u0161en\u00ed, inovace a technologie. Zachov\u00e1n\u00ed rovnov\u00e1hy v p\u0159\u00edrod\u011b. Alkapuri s.r.o. Voda je \u017eivot\" \/>\n<meta property=\"og:url\" content=\"https:\/\/alkapuri.cz\/sk_sk\/kontaktni-formular\/\" \/>\n<meta property=\"og:site_name\" content=\"\u0158e\u0161en\u00ed pro zachov\u00e1n\u00ed p\u0159\u00edrodn\u00edho bohatstv\u00ed | Alkapuri s.r.o.\" \/>\n<meta property=\"article:publisher\" content=\"https:\/\/www.facebook.com\/alkapuri.cz\" \/>\n<meta property=\"article:modified_time\" content=\"2022-07-18T14:13:36+00:00\" \/>\n<meta name=\"twitter:card\" content=\"summary_large_image\" \/>\n<script type=\"application\/ld+json\" class=\"yoast-schema-graph\">{\"@context\":\"https:\/\/schema.org\",\"@graph\":[{\"@type\":\"WebPage\",\"@id\":\"https:\/\/alkapuri.cz\/kontaktni-formular\/\",\"url\":\"https:\/\/alkapuri.cz\/kontaktni-formular\/\",\"name\":\"Kontaktn\u00ed formul\u00e1\u0159 odesl\u00e1n\u00ed | \u0158e\u0161en\u00ed pro zachov\u00e1n\u00ed p\u0159\u00edrodn\u00edho bohatstv\u00ed | Alkapuri s.r.o.\",\"isPartOf\":{\"@id\":\"https:\/\/alkapuri.cz\/#website\"},\"datePublished\":\"2021-03-01T12:02:00+00:00\",\"dateModified\":\"2022-07-18T14:13:36+00:00\",\"description\":\"Recyklace a \u010di\u0161t\u011bn\u00ed \u0161ed\u00e9 vody. Ekologick\u00e1 \u0159e\u0161en\u00ed, inovace a technologie. Zachov\u00e1n\u00ed rovnov\u00e1hy v p\u0159\u00edrod\u011b. Alkapuri s.r.o. Voda je \u017eivot\",\"breadcrumb\":{\"@id\":\"https:\/\/alkapuri.cz\/kontaktni-formular\/#breadcrumb\"},\"inLanguage\":\"sk-SK\",\"potentialAction\":[{\"@type\":\"ReadAction\",\"target\":[\"https:\/\/alkapuri.cz\/kontaktni-formular\/\"]}]},{\"@type\":\"BreadcrumbList\",\"@id\":\"https:\/\/alkapuri.cz\/kontaktni-formular\/#breadcrumb\",\"itemListElement\":[{\"@type\":\"ListItem\",\"position\":1,\"name\":\"Dom\u016f\",\"item\":\"https:\/\/alkapuri.cz\/\"},{\"@type\":\"ListItem\",\"position\":2,\"name\":\"Kontaktn\u00ed formul\u00e1\u0159 odesl\u00e1n\u00ed\"}]},{\"@type\":\"WebSite\",\"@id\":\"https:\/\/alkapuri.cz\/#website\",\"url\":\"https:\/\/alkapuri.cz\/\",\"name\":\"\u0158e\u0161en\u00ed pro zachov\u00e1n\u00ed p\u0159\u00edrodn\u00edho bohatstv\u00ed | Alkapuri s.r.o.\",\"description\":\"Zachov\u00e1n\u00ed rovnov\u00e1hy v p\u0159\u00edrod\u011b za pomoci technologick\u00fdch inovac\u00ed. Ekologick\u00e1 \u0159e\u0161en\u00ed. Zachov\u00e1n\u00ed vodn\u00edch zdroj\u016f. Recyklace \u0161ed\u00e9 vody. Voda je \u017eivot.\",\"potentialAction\":[{\"@type\":\"SearchAction\",\"target\":{\"@type\":\"EntryPoint\",\"urlTemplate\":\"https:\/\/alkapuri.cz\/?s={search_term_string}\"},\"query-input\":{\"@type\":\"PropertyValueSpecification\",\"valueRequired\":true,\"valueName\":\"search_term_string\"}}],\"inLanguage\":\"sk-SK\"}]}<\/script>\n<!-- \/ Yoast SEO plugin. -->","yoast_head_json":{"title":"Kontaktn\u00ed formul\u00e1\u0159 odesl\u00e1n\u00ed | \u0158e\u0161en\u00ed pro zachov\u00e1n\u00ed p\u0159\u00edrodn\u00edho bohatstv\u00ed | Alkapuri s.r.o.","description":"Recyklace a \u010di\u0161t\u011bn\u00ed \u0161ed\u00e9 vody. Ekologick\u00e1 \u0159e\u0161en\u00ed, inovace a technologie. Zachov\u00e1n\u00ed rovnov\u00e1hy v p\u0159\u00edrod\u011b. Alkapuri s.r.o. Voda je \u017eivot","robots":{"index":"index","follow":"follow","max-snippet":"max-snippet:-1","max-image-preview":"max-image-preview:large","max-video-preview":"max-video-preview:-1"},"canonical":"https:\/\/alkapuri.cz\/sk_sk\/kontaktni-formular\/","og_locale":"sk_SK","og_type":"article","og_title":"Kontaktn\u00ed formul\u00e1\u0159 odesl\u00e1n\u00ed | \u0158e\u0161en\u00ed pro zachov\u00e1n\u00ed p\u0159\u00edrodn\u00edho bohatstv\u00ed | Alkapuri s.r.o.","og_description":"Recyklace a \u010di\u0161t\u011bn\u00ed \u0161ed\u00e9 vody. Ekologick\u00e1 \u0159e\u0161en\u00ed, inovace a technologie. Zachov\u00e1n\u00ed rovnov\u00e1hy v p\u0159\u00edrod\u011b. Alkapuri s.r.o. Voda je \u017eivot","og_url":"https:\/\/alkapuri.cz\/sk_sk\/kontaktni-formular\/","og_site_name":"\u0158e\u0161en\u00ed pro zachov\u00e1n\u00ed p\u0159\u00edrodn\u00edho bohatstv\u00ed | Alkapuri s.r.o.","article_publisher":"https:\/\/www.facebook.com\/alkapuri.cz","article_modified_time":"2022-07-18T14:13:36+00:00","twitter_card":"summary_large_image","schema":{"@context":"https:\/\/schema.org","@graph":[{"@type":"WebPage","@id":"https:\/\/alkapuri.cz\/kontaktni-formular\/","url":"https:\/\/alkapuri.cz\/kontaktni-formular\/","name":"Kontaktn\u00ed formul\u00e1\u0159 odesl\u00e1n\u00ed | \u0158e\u0161en\u00ed pro zachov\u00e1n\u00ed p\u0159\u00edrodn\u00edho bohatstv\u00ed | Alkapuri s.r.o.","isPartOf":{"@id":"https:\/\/alkapuri.cz\/#website"},"datePublished":"2021-03-01T12:02:00+00:00","dateModified":"2022-07-18T14:13:36+00:00","description":"Recyklace a \u010di\u0161t\u011bn\u00ed \u0161ed\u00e9 vody. Ekologick\u00e1 \u0159e\u0161en\u00ed, inovace a technologie. Zachov\u00e1n\u00ed rovnov\u00e1hy v p\u0159\u00edrod\u011b. Alkapuri s.r.o. Voda je \u017eivot","breadcrumb":{"@id":"https:\/\/alkapuri.cz\/kontaktni-formular\/#breadcrumb"},"inLanguage":"sk-SK","potentialAction":[{"@type":"ReadAction","target":["https:\/\/alkapuri.cz\/kontaktni-formular\/"]}]},{"@type":"BreadcrumbList","@id":"https:\/\/alkapuri.cz\/kontaktni-formular\/#breadcrumb","itemListElement":[{"@type":"ListItem","position":1,"name":"Dom\u016f","item":"https:\/\/alkapuri.cz\/"},{"@type":"ListItem","position":2,"name":"Kontaktn\u00ed formul\u00e1\u0159 odesl\u00e1n\u00ed"}]},{"@type":"WebSite","@id":"https:\/\/alkapuri.cz\/#website","url":"https:\/\/alkapuri.cz\/","name":"\u0158e\u0161en\u00ed pro zachov\u00e1n\u00ed p\u0159\u00edrodn\u00edho bohatstv\u00ed | Alkapuri s.r.o.","description":"Zachov\u00e1n\u00ed rovnov\u00e1hy v p\u0159\u00edrod\u011b za pomoci technologick\u00fdch inovac\u00ed. Ekologick\u00e1 \u0159e\u0161en\u00ed. Zachov\u00e1n\u00ed vodn\u00edch zdroj\u016f. Recyklace \u0161ed\u00e9 vody. Voda je \u017eivot.","potentialAction":[{"@type":"SearchAction","target":{"@type":"EntryPoint","urlTemplate":"https:\/\/alkapuri.cz\/?s={search_term_string}"},"query-input":{"@type":"PropertyValueSpecification","valueRequired":true,"valueName":"search_term_string"}}],"inLanguage":"sk-SK"}]}},"_links":{"self":[{"href":"https:\/\/alkapuri.cz\/sk_sk\/wp-json\/wp\/v2\/pages\/2144","targetHints":{"allow":["GET"]}}],"collection":[{"href":"https:\/\/alkapuri.cz\/sk_sk\/wp-json\/wp\/v2\/pages"}],"about":[{"href":"https:\/\/alkapuri.cz\/sk_sk\/wp-json\/wp\/v2\/types\/page"}],"author":[{"embeddable":true,"href":"https:\/\/alkapuri.cz\/sk_sk\/wp-json\/wp\/v2\/users\/1"}],"replies":[{"embeddable":true,"href":"https:\/\/alkapuri.cz\/sk_sk\/wp-json\/wp\/v2\/comments?post=2144"}],"version-history":[{"count":13,"href":"https:\/\/alkapuri.cz\/sk_sk\/wp-json\/wp\/v2\/pages\/2144\/revisions"}],"predecessor-version":[{"id":2452,"href":"https:\/\/alkapuri.cz\/sk_sk\/wp-json\/wp\/v2\/pages\/2144\/revisions\/2452"}],"wp:attachment":[{"href":"https:\/\/alkapuri.cz\/sk_sk\/wp-json\/wp\/v2\/media?parent=2144"}],"curies":[{"name":"wp","href":"https:\/\/api.w.org\/{rel}","templated":true}]}}