{"id":1359,"date":"2020-10-23T11:40:57","date_gmt":"2020-10-23T09:40:57","guid":{"rendered":"https:\/\/alkapuri.cz\/?page_id=1359"},"modified":"2020-10-27T16:28:47","modified_gmt":"2020-10-27T14:28:47","slug":"blog","status":"publish","type":"page","link":"https:\/\/alkapuri.cz\/sk_sk\/blog\/","title":{"rendered":"Blog"},"content":{"rendered":"<p>[et_pb_section fb_built=&#8220;1&#8243; admin_label=&#8220;Blog Section&#8220; _builder_version=&#8220;4.6.6&#8243; background_color=&#8220;#f4f4f4&#8243; use_background_color_gradient=&#8220;on&#8220; background_color_gradient_start=&#8220;#ffffff&#8220; background_color_gradient_end=&#8220;#ffffff&#8220; background_size=&#8220;contain&#8220; background_position=&#8220;top_center&#8220; custom_padding=&#8220;100px||10%|&#8220; top_divider_color=&#8220;rgba(255,255,255,0.3)&#8220; locked=&#8220;off&#8220;][et_pb_row _builder_version=&#8220;4.6.6&#8243;][et_pb_column type=&#8220;4_4&#8243; _builder_version=&#8220;3.25&#8243; custom_padding=&#8220;|||&#8220; custom_padding__hover=&#8220;|||&#8220;][et_pb_blog fullwidth=&#8220;off&#8220; posts_number=&#8220;12&#8243; include_categories=&#8220;70&#8243; excerpt_length=&#8220;150&#8243; show_author=&#8220;off&#8220; show_categories=&#8220;off&#8220; _builder_version=&#8220;4.6.6&#8243; header_font=&#8220;||||||||&#8220; header_text_color=&#8220;#2547B0&#8243; header_font_size=&#8220;24px&#8220; header_line_height=&#8220;1.4em&#8220; body_font=&#8220;Nunito||||||||&#8220; body_font_size=&#8220;16px&#8220; body_line_height=&#8220;1.8em&#8220; meta_font=&#8220;Nunito||||||||&#8220; meta_line_height=&#8220;1.8em&#8220; pagination_font=&#8220;Nunito|700||on|||||&#8220; pagination_text_color=&#8220;#c7755a&#8220; pagination_letter_spacing=&#8220;2px&#8220; animation_style=&#8220;fade&#8220; border_radii=&#8220;on|6px|6px|6px|6px&#8220; border_width_all=&#8220;0px&#8220; box_shadow_style=&#8220;preset3&#8243; box_shadow_color=&#8220;rgba(0,0,0,0.5)&#8220;][\/et_pb_blog][\/et_pb_column][\/et_pb_row][\/et_pb_section][et_pb_section fb_built=&#8220;1&#8243; admin_label=&#8220;Footer&#8220; _builder_version=&#8220;4.6.1&#8243; use_background_color_gradient=&#8220;on&#8220; background_color_gradient_start=&#8220;#ffffff&#8220; background_color_gradient_end=&#8220;#ffffff&#8220; background_color_gradient_type=&#8220;radial&#8220; background_color_gradient_direction_radial=&#8220;left&#8220; background_color_gradient_start_position=&#8220;25%&#8220; background_color_gradient_end_position=&#8220;60%&#8220; background_color_gradient_overlays_image=&#8220;on&#8220; background_image=&#8220;https:\/\/alkapuri.cz\/wp-content\/uploads\/2020\/09\/splashing-165192_1280.jpg&#8220; custom_margin=&#8220;1px|||||&#8220; custom_padding=&#8220;||2px|||&#8220; global_module=&#8220;275&#8243; saved_tabs=&#8220;all&#8220;][et_pb_row column_structure=&#8220;1_3,1_3,1_3&#8243; _builder_version=&#8220;4.6.1&#8243; _module_preset=&#8220;default&#8220;][et_pb_column type=&#8220;1_3&#8243; _builder_version=&#8220;4.6.1&#8243; _module_preset=&#8220;default&#8220;][et_pb_blurb title=&#8220;Telefonn\u00ed \u010d\u00edslo&#8220; use_icon=&#8220;on&#8220; font_icon=&#8220;%%264%%&#8220; icon_color=&#8220;#2547b0&#8243; icon_placement=&#8220;left&#8220; content_max_width=&#8220;820px&#8220; use_icon_font_size=&#8220;on&#8220; icon_font_size=&#8220;22px&#8220; _builder_version=&#8220;4.6.1&#8243; header_font=&#8220;Libre Franklin|600|||||||&#8220; header_text_color=&#8220;#2547b0&#8243; header_line_height=&#8220;1.4em&#8220; body_font=&#8220;||||||||&#8220; body_text_color=&#8220;#2547B0&#8243; body_line_height=&#8220;1.8em&#8220; background_layout=&#8220;dark&#8220; module_alignment=&#8220;left&#8220; custom_margin=&#8220;|75px||75px||true&#8220; custom_padding=&#8220;|0px||||&#8220; animation=&#8220;off&#8220; locked=&#8220;off&#8220;]<\/p>\n<p><a href=\"tel:+420606722224\">+420\u00a0606\u00a0722 224<\/a><\/p>\n<p>[\/et_pb_blurb][\/et_pb_column][et_pb_column type=&#8220;1_3&#8243; _builder_version=&#8220;4.6.1&#8243; _module_preset=&#8220;default&#8220;][et_pb_blurb title=&#8220;Email&#8220; use_icon=&#8220;on&#8220; font_icon=&#8220;%%238%%&#8220; icon_color=&#8220;#2547b0&#8243; icon_placement=&#8220;left&#8220; use_icon_font_size=&#8220;on&#8220; icon_font_size=&#8220;22px&#8220; _builder_version=&#8220;4.6.1&#8243; header_font=&#8220;Libre Franklin|600|||||||&#8220; header_text_color=&#8220;#2547b0&#8243; header_line_height=&#8220;1.4em&#8220; body_font=&#8220;||||||||&#8220; body_text_color=&#8220;#2547B0&#8243; body_line_height=&#8220;1.8em&#8220; background_layout=&#8220;dark&#8220; custom_margin=&#8220;|75px||75px||true&#8220; animation=&#8220;off&#8220; locked=&#8220;off&#8220;]<\/p>\n<p><a href=\"mailto:info@alkapuri.cz\" target=\"_blank\" rel=\"noopener noreferrer\">info@alkapuri.cz<\/a><\/p>\n<p>[\/et_pb_blurb][\/et_pb_column][et_pb_column type=&#8220;1_3&#8243; _builder_version=&#8220;4.6.1&#8243; _module_preset=&#8220;default&#8220;][et_pb_blurb title=&#8220;Koresponden\u010dn\u00ed adresa&#8220; use_icon=&#8220;on&#8220; font_icon=&#8220;%%71%%&#8220; icon_color=&#8220;#2547B0&#8243; icon_placement=&#8220;left&#8220; use_icon_font_size=&#8220;on&#8220; icon_font_size=&#8220;22px&#8220; _builder_version=&#8220;4.6.1&#8243; header_font=&#8220;Libre Franklin|600|||||||&#8220; header_text_color=&#8220;#2547b0&#8243; header_line_height=&#8220;1.4em&#8220; body_font=&#8220;||||||||&#8220; body_text_color=&#8220;#2547B0&#8243; body_line_height=&#8220;1.8em&#8220; background_layout=&#8220;dark&#8220; width=&#8220;63.8%&#8220; custom_margin=&#8220;|||74px||&#8220; custom_padding=&#8220;|1px||0px||&#8220; animation=&#8220;off&#8220; locked=&#8220;off&#8220;]<\/p>\n<p><span>Vavre\u010dkova 5262, 76001 Zl\u00edn,\u00a0<\/span><span>Czech Republic<\/span><\/p>\n<p>[\/et_pb_blurb][\/et_pb_column][\/et_pb_row][et_pb_row _builder_version=&#8220;4.6.1&#8243; _module_preset=&#8220;default&#8220; custom_margin=&#8220;-22px|auto||auto||&#8220;][et_pb_column type=&#8220;4_4&#8243; _builder_version=&#8220;4.6.1&#8243; _module_preset=&#8220;default&#8220;][et_pb_text _builder_version=&#8220;4.6.1&#8243; _module_preset=&#8220;default&#8220;]<\/p>\n<p style=\"text-align: center;\"><a href=\"https:\/\/alkapuri.cz\/zasady-ochrany-osobnich-udaju\/\">Z\u00e1sady ochrany osobn\u00edch \u00fadaj\u016f<\/a><\/p>\n<p>[\/et_pb_text][\/et_pb_column][\/et_pb_row][\/et_pb_section]<\/p>\n","protected":false},"excerpt":{"rendered":"<p>+420\u00a0606\u00a0722 224info@alkapuri.czVavre\u010dkova 5262, 76001 Zl\u00edn,\u00a0Czech RepublicZ\u00e1sady ochrany osobn\u00edch \u00fadaj\u016f<\/p>","protected":false},"author":1,"featured_media":0,"parent":0,"menu_order":0,"comment_status":"closed","ping_status":"closed","template":"","meta":{"_et_pb_use_builder":"on","_et_pb_old_content":"","_et_gb_content_width":"","footnotes":""},"class_list":["post-1359","page","type-page","status-publish","hentry"],"yoast_head":"<!-- This site is optimized with the Yoast SEO plugin v24.2 - https:\/\/yoast.com\/wordpress\/plugins\/seo\/ -->\n<title>Blog | \u0158e\u0161en\u00ed pro zachov\u00e1n\u00ed p\u0159\u00edrodn\u00edho bohatstv\u00ed | Alkapuri s.r.o.<\/title>\n<meta name=\"description\" content=\"Recyklace a \u010di\u0161t\u011bn\u00ed \u0161ed\u00e9 vody. Ekologick\u00e1 \u0159e\u0161en\u00ed, inovace a technologie. Zachov\u00e1n\u00ed rovnov\u00e1hy v p\u0159\u00edrod\u011b. Alkapuri s.r.o. Voda je \u017eivot\" \/>\n<meta name=\"robots\" content=\"index, follow, max-snippet:-1, max-image-preview:large, max-video-preview:-1\" \/>\n<link rel=\"canonical\" href=\"https:\/\/alkapuri.cz\/sk_sk\/blog\/\" \/>\n<meta property=\"og:locale\" content=\"sk_SK\" \/>\n<meta property=\"og:type\" content=\"article\" \/>\n<meta property=\"og:title\" content=\"Blog | \u0158e\u0161en\u00ed pro zachov\u00e1n\u00ed p\u0159\u00edrodn\u00edho bohatstv\u00ed | Alkapuri s.r.o.\" \/>\n<meta property=\"og:description\" content=\"Recyklace a \u010di\u0161t\u011bn\u00ed \u0161ed\u00e9 vody. Ekologick\u00e1 \u0159e\u0161en\u00ed, inovace a technologie. Zachov\u00e1n\u00ed rovnov\u00e1hy v p\u0159\u00edrod\u011b. Alkapuri s.r.o. Voda je \u017eivot\" \/>\n<meta property=\"og:url\" content=\"https:\/\/alkapuri.cz\/sk_sk\/blog\/\" \/>\n<meta property=\"og:site_name\" content=\"\u0158e\u0161en\u00ed pro zachov\u00e1n\u00ed p\u0159\u00edrodn\u00edho bohatstv\u00ed | Alkapuri s.r.o.\" \/>\n<meta property=\"article:publisher\" content=\"https:\/\/www.facebook.com\/alkapuri.cz\" \/>\n<meta property=\"article:modified_time\" content=\"2020-10-27T14:28:47+00:00\" \/>\n<meta name=\"twitter:card\" content=\"summary_large_image\" \/>\n<meta name=\"twitter:label1\" content=\"Est. reading time\" \/>\n\t<meta name=\"twitter:data1\" content=\"3 min\u00faty\" \/>\n<script type=\"application\/ld+json\" class=\"yoast-schema-graph\">{\"@context\":\"https:\/\/schema.org\",\"@graph\":[{\"@type\":\"WebPage\",\"@id\":\"https:\/\/alkapuri.cz\/blog\/\",\"url\":\"https:\/\/alkapuri.cz\/blog\/\",\"name\":\"Blog | \u0158e\u0161en\u00ed pro zachov\u00e1n\u00ed p\u0159\u00edrodn\u00edho bohatstv\u00ed | Alkapuri s.r.o.\",\"isPartOf\":{\"@id\":\"https:\/\/alkapuri.cz\/#website\"},\"datePublished\":\"2020-10-23T09:40:57+00:00\",\"dateModified\":\"2020-10-27T14:28:47+00:00\",\"description\":\"Recyklace a \u010di\u0161t\u011bn\u00ed \u0161ed\u00e9 vody. Ekologick\u00e1 \u0159e\u0161en\u00ed, inovace a technologie. Zachov\u00e1n\u00ed rovnov\u00e1hy v p\u0159\u00edrod\u011b. Alkapuri s.r.o. Voda je \u017eivot\",\"breadcrumb\":{\"@id\":\"https:\/\/alkapuri.cz\/blog\/#breadcrumb\"},\"inLanguage\":\"sk-SK\",\"potentialAction\":[{\"@type\":\"ReadAction\",\"target\":[\"https:\/\/alkapuri.cz\/blog\/\"]}]},{\"@type\":\"BreadcrumbList\",\"@id\":\"https:\/\/alkapuri.cz\/blog\/#breadcrumb\",\"itemListElement\":[{\"@type\":\"ListItem\",\"position\":1,\"name\":\"Dom\u016f\",\"item\":\"https:\/\/alkapuri.cz\/\"},{\"@type\":\"ListItem\",\"position\":2,\"name\":\"Blog\"}]},{\"@type\":\"WebSite\",\"@id\":\"https:\/\/alkapuri.cz\/#website\",\"url\":\"https:\/\/alkapuri.cz\/\",\"name\":\"\u0158e\u0161en\u00ed pro zachov\u00e1n\u00ed p\u0159\u00edrodn\u00edho bohatstv\u00ed | Alkapuri s.r.o.\",\"description\":\"Zachov\u00e1n\u00ed rovnov\u00e1hy v p\u0159\u00edrod\u011b za pomoci technologick\u00fdch inovac\u00ed. Ekologick\u00e1 \u0159e\u0161en\u00ed. Zachov\u00e1n\u00ed vodn\u00edch zdroj\u016f. Recyklace \u0161ed\u00e9 vody. Voda je \u017eivot.\",\"potentialAction\":[{\"@type\":\"SearchAction\",\"target\":{\"@type\":\"EntryPoint\",\"urlTemplate\":\"https:\/\/alkapuri.cz\/?s={search_term_string}\"},\"query-input\":{\"@type\":\"PropertyValueSpecification\",\"valueRequired\":true,\"valueName\":\"search_term_string\"}}],\"inLanguage\":\"sk-SK\"}]}<\/script>\n<!-- \/ Yoast SEO plugin. -->","yoast_head_json":{"title":"Blog | \u0158e\u0161en\u00ed pro zachov\u00e1n\u00ed p\u0159\u00edrodn\u00edho bohatstv\u00ed | Alkapuri s.r.o.","description":"Recyklace a \u010di\u0161t\u011bn\u00ed \u0161ed\u00e9 vody. Ekologick\u00e1 \u0159e\u0161en\u00ed, inovace a technologie. Zachov\u00e1n\u00ed rovnov\u00e1hy v p\u0159\u00edrod\u011b. Alkapuri s.r.o. Voda je \u017eivot","robots":{"index":"index","follow":"follow","max-snippet":"max-snippet:-1","max-image-preview":"max-image-preview:large","max-video-preview":"max-video-preview:-1"},"canonical":"https:\/\/alkapuri.cz\/sk_sk\/blog\/","og_locale":"sk_SK","og_type":"article","og_title":"Blog | \u0158e\u0161en\u00ed pro zachov\u00e1n\u00ed p\u0159\u00edrodn\u00edho bohatstv\u00ed | Alkapuri s.r.o.","og_description":"Recyklace a \u010di\u0161t\u011bn\u00ed \u0161ed\u00e9 vody. Ekologick\u00e1 \u0159e\u0161en\u00ed, inovace a technologie. Zachov\u00e1n\u00ed rovnov\u00e1hy v p\u0159\u00edrod\u011b. Alkapuri s.r.o. Voda je \u017eivot","og_url":"https:\/\/alkapuri.cz\/sk_sk\/blog\/","og_site_name":"\u0158e\u0161en\u00ed pro zachov\u00e1n\u00ed p\u0159\u00edrodn\u00edho bohatstv\u00ed | Alkapuri s.r.o.","article_publisher":"https:\/\/www.facebook.com\/alkapuri.cz","article_modified_time":"2020-10-27T14:28:47+00:00","twitter_card":"summary_large_image","twitter_misc":{"Est. reading time":"3 min\u00faty"},"schema":{"@context":"https:\/\/schema.org","@graph":[{"@type":"WebPage","@id":"https:\/\/alkapuri.cz\/blog\/","url":"https:\/\/alkapuri.cz\/blog\/","name":"Blog | \u0158e\u0161en\u00ed pro zachov\u00e1n\u00ed p\u0159\u00edrodn\u00edho bohatstv\u00ed | Alkapuri s.r.o.","isPartOf":{"@id":"https:\/\/alkapuri.cz\/#website"},"datePublished":"2020-10-23T09:40:57+00:00","dateModified":"2020-10-27T14:28:47+00:00","description":"Recyklace a \u010di\u0161t\u011bn\u00ed \u0161ed\u00e9 vody. Ekologick\u00e1 \u0159e\u0161en\u00ed, inovace a technologie. Zachov\u00e1n\u00ed rovnov\u00e1hy v p\u0159\u00edrod\u011b. Alkapuri s.r.o. Voda je \u017eivot","breadcrumb":{"@id":"https:\/\/alkapuri.cz\/blog\/#breadcrumb"},"inLanguage":"sk-SK","potentialAction":[{"@type":"ReadAction","target":["https:\/\/alkapuri.cz\/blog\/"]}]},{"@type":"BreadcrumbList","@id":"https:\/\/alkapuri.cz\/blog\/#breadcrumb","itemListElement":[{"@type":"ListItem","position":1,"name":"Dom\u016f","item":"https:\/\/alkapuri.cz\/"},{"@type":"ListItem","position":2,"name":"Blog"}]},{"@type":"WebSite","@id":"https:\/\/alkapuri.cz\/#website","url":"https:\/\/alkapuri.cz\/","name":"\u0158e\u0161en\u00ed pro zachov\u00e1n\u00ed p\u0159\u00edrodn\u00edho bohatstv\u00ed | Alkapuri s.r.o.","description":"Zachov\u00e1n\u00ed rovnov\u00e1hy v p\u0159\u00edrod\u011b za pomoci technologick\u00fdch inovac\u00ed. Ekologick\u00e1 \u0159e\u0161en\u00ed. Zachov\u00e1n\u00ed vodn\u00edch zdroj\u016f. Recyklace \u0161ed\u00e9 vody. Voda je \u017eivot.","potentialAction":[{"@type":"SearchAction","target":{"@type":"EntryPoint","urlTemplate":"https:\/\/alkapuri.cz\/?s={search_term_string}"},"query-input":{"@type":"PropertyValueSpecification","valueRequired":true,"valueName":"search_term_string"}}],"inLanguage":"sk-SK"}]}},"_links":{"self":[{"href":"https:\/\/alkapuri.cz\/sk_sk\/wp-json\/wp\/v2\/pages\/1359","targetHints":{"allow":["GET"]}}],"collection":[{"href":"https:\/\/alkapuri.cz\/sk_sk\/wp-json\/wp\/v2\/pages"}],"about":[{"href":"https:\/\/alkapuri.cz\/sk_sk\/wp-json\/wp\/v2\/types\/page"}],"author":[{"embeddable":true,"href":"https:\/\/alkapuri.cz\/sk_sk\/wp-json\/wp\/v2\/users\/1"}],"replies":[{"embeddable":true,"href":"https:\/\/alkapuri.cz\/sk_sk\/wp-json\/wp\/v2\/comments?post=1359"}],"version-history":[{"count":6,"href":"https:\/\/alkapuri.cz\/sk_sk\/wp-json\/wp\/v2\/pages\/1359\/revisions"}],"predecessor-version":[{"id":1589,"href":"https:\/\/alkapuri.cz\/sk_sk\/wp-json\/wp\/v2\/pages\/1359\/revisions\/1589"}],"wp:attachment":[{"href":"https:\/\/alkapuri.cz\/sk_sk\/wp-json\/wp\/v2\/media?parent=1359"}],"curies":[{"name":"wp","href":"https:\/\/api.w.org\/{rel}","templated":true}]}}